{"id":848,"date":"2025-03-27T12:47:16","date_gmt":"2025-03-27T09:47:16","guid":{"rendered":"https:\/\/polatinsaatmuhendislik.com\/?page_id=848"},"modified":"2025-03-27T12:49:27","modified_gmt":"2025-03-27T09:49:27","slug":"endustriyel-tesisler-katalogu","status":"publish","type":"page","link":"https:\/\/polatinsaatmuhendislik.com\/en\/endustriyel-tesisler-katalogu\/","title":{"rendered":"End\u00fcstriyel Tesisler Katalo\u011fu"},"content":{"rendered":"<div class=\"_df_book df-lite\" id=\"df_851\"  _slug=\"851\" data-title=\"endustriyel-tesisler\" wpoptions=\"true\" thumbtype=\"\" ><\/div><script class=\"df-shortcode-script\" nowprocket type=\"application\/javascript\">window.option_df_851 = {\"outline\":[],\"autoEnableOutline\":\"false\",\"autoEnableThumbnail\":\"false\",\"overwritePDFOutline\":\"false\",\"direction\":\"1\",\"pageSize\":\"0\",\"source\":\"https:\\\/\\\/polatinsaatmuhendislik.com\\\/wp-content\\\/uploads\\\/2025\\\/03\\\/POLAT-IM-ENDUSTRIYEL-DEPO-RAF-SISTEMLERI-KATALOG.pdf\",\"wpOptions\":\"true\"}; if(window.DFLIP && window.DFLIP.parseBooks){window.DFLIP.parseBooks();}<\/script>","protected":false},"excerpt":{"rendered":"","protected":false},"author":1,"featured_media":0,"parent":0,"menu_order":0,"comment_status":"closed","ping_status":"closed","template":"","meta":{"_acf_changed":false,"inline_featured_image":false,"_monsterinsights_skip_tracking":false,"_monsterinsights_sitenote_active":false,"_monsterinsights_sitenote_note":"","_monsterinsights_sitenote_category":0,"footnotes":""},"class_list":["post-848","page","type-page","status-publish","hentry"],"acf":[],"yoast_head":"<!-- This site is optimized with the Yoast SEO plugin v27.4 - https:\/\/yoast.com\/product\/yoast-seo-wordpress\/ -->\n<title>End\u00fcstriyel Tesisler Katalo\u011fu - Polat \u0130n\u015faat M\u00fchendislik<\/title>\n<meta name=\"robots\" content=\"index, follow, max-snippet:-1, max-image-preview:large, max-video-preview:-1\" \/>\n<link rel=\"canonical\" href=\"https:\/\/polatinsaatmuhendislik.com\/en\/endustriyel-tesisler-katalogu\/\" \/>\n<meta property=\"og:locale\" content=\"en_US\" \/>\n<meta property=\"og:type\" content=\"article\" \/>\n<meta property=\"og:title\" content=\"End\u00fcstriyel Tesisler Katalo\u011fu - Polat \u0130n\u015faat M\u00fchendislik\" \/>\n<meta property=\"og:url\" content=\"https:\/\/polatinsaatmuhendislik.com\/en\/endustriyel-tesisler-katalogu\/\" \/>\n<meta property=\"og:site_name\" content=\"Polat \u0130n\u015faat M\u00fchendislik\" \/>\n<meta property=\"article:modified_time\" content=\"2025-03-27T09:49:27+00:00\" \/>\n<meta property=\"og:image\" content=\"https:\/\/polatinsaatmuhendislik.com\/wp-content\/uploads\/2022\/11\/logo.jpg\" \/>\n\t<meta property=\"og:image:width\" content=\"250\" \/>\n\t<meta property=\"og:image:height\" content=\"135\" \/>\n\t<meta property=\"og:image:type\" content=\"image\/jpeg\" \/>\n<meta name=\"twitter:card\" content=\"summary_large_image\" \/>\n<meta name=\"twitter:label1\" content=\"Est. reading time\" \/>\n\t<meta name=\"twitter:data1\" content=\"1 minute\" \/>\n<script type=\"application\/ld+json\" class=\"yoast-schema-graph\">{\"@context\":\"https:\\\/\\\/schema.org\",\"@graph\":[{\"@type\":\"WebPage\",\"@id\":\"https:\\\/\\\/polatinsaatmuhendislik.com\\\/endustriyel-tesisler-katalogu\\\/\",\"url\":\"https:\\\/\\\/polatinsaatmuhendislik.com\\\/endustriyel-tesisler-katalogu\\\/\",\"name\":\"End\u00fcstriyel Tesisler Katalo\u011fu - Polat \u0130n\u015faat M\u00fchendislik\",\"isPartOf\":{\"@id\":\"https:\\\/\\\/polatinsaatmuhendislik.com\\\/#website\"},\"datePublished\":\"2025-03-27T09:47:16+00:00\",\"dateModified\":\"2025-03-27T09:49:27+00:00\",\"breadcrumb\":{\"@id\":\"https:\\\/\\\/polatinsaatmuhendislik.com\\\/endustriyel-tesisler-katalogu\\\/#breadcrumb\"},\"inLanguage\":\"en-US\",\"potentialAction\":[{\"@type\":\"ReadAction\",\"target\":[\"https:\\\/\\\/polatinsaatmuhendislik.com\\\/endustriyel-tesisler-katalogu\\\/\"]}]},{\"@type\":\"BreadcrumbList\",\"@id\":\"https:\\\/\\\/polatinsaatmuhendislik.com\\\/endustriyel-tesisler-katalogu\\\/#breadcrumb\",\"itemListElement\":[{\"@type\":\"ListItem\",\"position\":1,\"name\":\"Anasayfa\",\"item\":\"https:\\\/\\\/polatinsaatmuhendislik.com\\\/\"},{\"@type\":\"ListItem\",\"position\":2,\"name\":\"End\u00fcstriyel Tesisler Katalo\u011fu\"}]},{\"@type\":\"WebSite\",\"@id\":\"https:\\\/\\\/polatinsaatmuhendislik.com\\\/#website\",\"url\":\"https:\\\/\\\/polatinsaatmuhendislik.com\\\/\",\"name\":\"Polat \u0130n\u015faat M\u00fchendislik\",\"description\":\"Vizyonunuzu Ger\u00e7e\u011fe D\u00f6n\u00fc\u015ft\u00fcr\u00fcyoruz\",\"publisher\":{\"@id\":\"https:\\\/\\\/polatinsaatmuhendislik.com\\\/#organization\"},\"potentialAction\":[{\"@type\":\"SearchAction\",\"target\":{\"@type\":\"EntryPoint\",\"urlTemplate\":\"https:\\\/\\\/polatinsaatmuhendislik.com\\\/?s={search_term_string}\"},\"query-input\":{\"@type\":\"PropertyValueSpecification\",\"valueRequired\":true,\"valueName\":\"search_term_string\"}}],\"inLanguage\":\"en-US\"},{\"@type\":\"Organization\",\"@id\":\"https:\\\/\\\/polatinsaatmuhendislik.com\\\/#organization\",\"name\":\"Polat \u0130n\u015faat Savunma M\u00fchendislik\",\"url\":\"https:\\\/\\\/polatinsaatmuhendislik.com\\\/\",\"logo\":{\"@type\":\"ImageObject\",\"inLanguage\":\"en-US\",\"@id\":\"https:\\\/\\\/polatinsaatmuhendislik.com\\\/#\\\/schema\\\/logo\\\/image\\\/\",\"url\":\"https:\\\/\\\/polatinsaatmuhendislik.com\\\/wp-content\\\/uploads\\\/2022\\\/11\\\/logo.jpg\",\"contentUrl\":\"https:\\\/\\\/polatinsaatmuhendislik.com\\\/wp-content\\\/uploads\\\/2022\\\/11\\\/logo.jpg\",\"width\":250,\"height\":135,\"caption\":\"Polat \u0130n\u015faat Savunma M\u00fchendislik\"},\"image\":{\"@id\":\"https:\\\/\\\/polatinsaatmuhendislik.com\\\/#\\\/schema\\\/logo\\\/image\\\/\"}}]}<\/script>\n<!-- \/ Yoast SEO plugin. -->","yoast_head_json":{"title":"End\u00fcstriyel Tesisler Katalo\u011fu - Polat \u0130n\u015faat M\u00fchendislik","robots":{"index":"index","follow":"follow","max-snippet":"max-snippet:-1","max-image-preview":"max-image-preview:large","max-video-preview":"max-video-preview:-1"},"canonical":"https:\/\/polatinsaatmuhendislik.com\/en\/endustriyel-tesisler-katalogu\/","og_locale":"en_US","og_type":"article","og_title":"End\u00fcstriyel Tesisler Katalo\u011fu - Polat \u0130n\u015faat M\u00fchendislik","og_url":"https:\/\/polatinsaatmuhendislik.com\/en\/endustriyel-tesisler-katalogu\/","og_site_name":"Polat \u0130n\u015faat M\u00fchendislik","article_modified_time":"2025-03-27T09:49:27+00:00","og_image":[{"width":250,"height":135,"url":"https:\/\/polatinsaatmuhendislik.com\/wp-content\/uploads\/2022\/11\/logo.jpg","type":"image\/jpeg"}],"twitter_card":"summary_large_image","twitter_misc":{"Est. reading time":"1 minute"},"schema":{"@context":"https:\/\/schema.org","@graph":[{"@type":"WebPage","@id":"https:\/\/polatinsaatmuhendislik.com\/endustriyel-tesisler-katalogu\/","url":"https:\/\/polatinsaatmuhendislik.com\/endustriyel-tesisler-katalogu\/","name":"End\u00fcstriyel Tesisler Katalo\u011fu - Polat \u0130n\u015faat M\u00fchendislik","isPartOf":{"@id":"https:\/\/polatinsaatmuhendislik.com\/#website"},"datePublished":"2025-03-27T09:47:16+00:00","dateModified":"2025-03-27T09:49:27+00:00","breadcrumb":{"@id":"https:\/\/polatinsaatmuhendislik.com\/endustriyel-tesisler-katalogu\/#breadcrumb"},"inLanguage":"en-US","potentialAction":[{"@type":"ReadAction","target":["https:\/\/polatinsaatmuhendislik.com\/endustriyel-tesisler-katalogu\/"]}]},{"@type":"BreadcrumbList","@id":"https:\/\/polatinsaatmuhendislik.com\/endustriyel-tesisler-katalogu\/#breadcrumb","itemListElement":[{"@type":"ListItem","position":1,"name":"Anasayfa","item":"https:\/\/polatinsaatmuhendislik.com\/"},{"@type":"ListItem","position":2,"name":"End\u00fcstriyel Tesisler Katalo\u011fu"}]},{"@type":"WebSite","@id":"https:\/\/polatinsaatmuhendislik.com\/#website","url":"https:\/\/polatinsaatmuhendislik.com\/","name":"Polat \u0130n\u015faat M\u00fchendislik","description":"Vizyonunuzu Ger\u00e7e\u011fe D\u00f6n\u00fc\u015ft\u00fcr\u00fcyoruz","publisher":{"@id":"https:\/\/polatinsaatmuhendislik.com\/#organization"},"potentialAction":[{"@type":"SearchAction","target":{"@type":"EntryPoint","urlTemplate":"https:\/\/polatinsaatmuhendislik.com\/?s={search_term_string}"},"query-input":{"@type":"PropertyValueSpecification","valueRequired":true,"valueName":"search_term_string"}}],"inLanguage":"en-US"},{"@type":"Organization","@id":"https:\/\/polatinsaatmuhendislik.com\/#organization","name":"Polat \u0130n\u015faat Savunma M\u00fchendislik","url":"https:\/\/polatinsaatmuhendislik.com\/","logo":{"@type":"ImageObject","inLanguage":"en-US","@id":"https:\/\/polatinsaatmuhendislik.com\/#\/schema\/logo\/image\/","url":"https:\/\/polatinsaatmuhendislik.com\/wp-content\/uploads\/2022\/11\/logo.jpg","contentUrl":"https:\/\/polatinsaatmuhendislik.com\/wp-content\/uploads\/2022\/11\/logo.jpg","width":250,"height":135,"caption":"Polat \u0130n\u015faat Savunma M\u00fchendislik"},"image":{"@id":"https:\/\/polatinsaatmuhendislik.com\/#\/schema\/logo\/image\/"}}]}},"_links":{"self":[{"href":"https:\/\/polatinsaatmuhendislik.com\/en\/wp-json\/wp\/v2\/pages\/848","targetHints":{"allow":["GET"]}}],"collection":[{"href":"https:\/\/polatinsaatmuhendislik.com\/en\/wp-json\/wp\/v2\/pages"}],"about":[{"href":"https:\/\/polatinsaatmuhendislik.com\/en\/wp-json\/wp\/v2\/types\/page"}],"author":[{"embeddable":true,"href":"https:\/\/polatinsaatmuhendislik.com\/en\/wp-json\/wp\/v2\/users\/1"}],"replies":[{"embeddable":true,"href":"https:\/\/polatinsaatmuhendislik.com\/en\/wp-json\/wp\/v2\/comments?post=848"}],"version-history":[{"count":2,"href":"https:\/\/polatinsaatmuhendislik.com\/en\/wp-json\/wp\/v2\/pages\/848\/revisions"}],"predecessor-version":[{"id":854,"href":"https:\/\/polatinsaatmuhendislik.com\/en\/wp-json\/wp\/v2\/pages\/848\/revisions\/854"}],"wp:attachment":[{"href":"https:\/\/polatinsaatmuhendislik.com\/en\/wp-json\/wp\/v2\/media?parent=848"}],"curies":[{"name":"wp","href":"https:\/\/api.w.org\/{rel}","templated":true}]}}