{"id":729,"date":"2023-06-20T22:36:46","date_gmt":"2023-06-20T19:36:46","guid":{"rendered":"https:\/\/polatinsaatmuhendislik.com\/?page_id=729"},"modified":"2023-06-25T11:42:45","modified_gmt":"2023-06-25T08:42:45","slug":"sirket-profili","status":"publish","type":"page","link":"https:\/\/polatinsaatmuhendislik.com\/en\/sirket-profili\/","title":{"rendered":"Company Profile"},"content":{"rendered":"<div class=\"_df_book df-lite\" id=\"df_727\"  _slug=\"company-profile\" data-title=\"company-profile\" wpoptions=\"true\" thumbtype=\"\" ><\/div><script class=\"df-shortcode-script\" nowprocket type=\"application\/javascript\">window.option_df_727 = {\"outline\":[],\"autoEnableOutline\":\"false\",\"autoEnableThumbnail\":\"false\",\"overwritePDFOutline\":\"false\",\"direction\":\"1\",\"pageSize\":\"1\",\"pageMode\":\"1\",\"singlePageMode\":\"0\",\"source\":\"https:\\\/\\\/polatinsaatmuhendislik.com\\\/wp-content\\\/uploads\\\/2023\\\/07\\\/polat-company-profile-2023.pdf\",\"wpOptions\":\"true\"}; if(window.DFLIP && window.DFLIP.parseBooks){window.DFLIP.parseBooks();}<\/script>","protected":false},"excerpt":{"rendered":"","protected":false},"author":1,"featured_media":0,"parent":0,"menu_order":0,"comment_status":"closed","ping_status":"closed","template":"page.php","meta":{"_acf_changed":false,"inline_featured_image":false,"_monsterinsights_skip_tracking":false,"_monsterinsights_sitenote_active":false,"_monsterinsights_sitenote_note":"","_monsterinsights_sitenote_category":0,"footnotes":""},"class_list":["post-729","page","type-page","status-publish","hentry"],"acf":[],"yoast_head":"<!-- This site is optimized with the Yoast SEO plugin v27.4 - https:\/\/yoast.com\/product\/yoast-seo-wordpress\/ -->\n<title>\u015eirket Profili - Polat \u0130n\u015faat M\u00fchendislik<\/title>\n<meta name=\"robots\" content=\"index, follow, max-snippet:-1, max-image-preview:large, max-video-preview:-1\" \/>\n<link rel=\"canonical\" href=\"https:\/\/polatinsaatmuhendislik.com\/en\/sirket-profili\/\" \/>\n<meta property=\"og:locale\" content=\"en_US\" \/>\n<meta property=\"og:type\" content=\"article\" \/>\n<meta property=\"og:title\" content=\"\u015eirket Profili - Polat \u0130n\u015faat M\u00fchendislik\" \/>\n<meta property=\"og:url\" content=\"https:\/\/polatinsaatmuhendislik.com\/en\/sirket-profili\/\" \/>\n<meta property=\"og:site_name\" content=\"Polat \u0130n\u015faat M\u00fchendislik\" \/>\n<meta property=\"article:modified_time\" content=\"2023-06-25T08:42:45+00:00\" \/>\n<meta property=\"og:image\" content=\"https:\/\/polatinsaatmuhendislik.com\/wp-content\/uploads\/2022\/11\/logo.jpg\" \/>\n\t<meta property=\"og:image:width\" content=\"250\" \/>\n\t<meta property=\"og:image:height\" content=\"135\" \/>\n\t<meta property=\"og:image:type\" content=\"image\/jpeg\" \/>\n<meta name=\"twitter:card\" content=\"summary_large_image\" \/>\n<script type=\"application\/ld+json\" class=\"yoast-schema-graph\">{\"@context\":\"https:\\\/\\\/schema.org\",\"@graph\":[{\"@type\":\"WebPage\",\"@id\":\"https:\\\/\\\/polatinsaatmuhendislik.com\\\/sirket-profili\\\/\",\"url\":\"https:\\\/\\\/polatinsaatmuhendislik.com\\\/sirket-profili\\\/\",\"name\":\"\u015eirket Profili - Polat \u0130n\u015faat M\u00fchendislik\",\"isPartOf\":{\"@id\":\"https:\\\/\\\/polatinsaatmuhendislik.com\\\/#website\"},\"datePublished\":\"2023-06-20T19:36:46+00:00\",\"dateModified\":\"2023-06-25T08:42:45+00:00\",\"breadcrumb\":{\"@id\":\"https:\\\/\\\/polatinsaatmuhendislik.com\\\/sirket-profili\\\/#breadcrumb\"},\"inLanguage\":\"en-US\",\"potentialAction\":[{\"@type\":\"ReadAction\",\"target\":[\"https:\\\/\\\/polatinsaatmuhendislik.com\\\/sirket-profili\\\/\"]}]},{\"@type\":\"BreadcrumbList\",\"@id\":\"https:\\\/\\\/polatinsaatmuhendislik.com\\\/sirket-profili\\\/#breadcrumb\",\"itemListElement\":[{\"@type\":\"ListItem\",\"position\":1,\"name\":\"Anasayfa\",\"item\":\"https:\\\/\\\/polatinsaatmuhendislik.com\\\/\"},{\"@type\":\"ListItem\",\"position\":2,\"name\":\"\u015eirket Profili\"}]},{\"@type\":\"WebSite\",\"@id\":\"https:\\\/\\\/polatinsaatmuhendislik.com\\\/#website\",\"url\":\"https:\\\/\\\/polatinsaatmuhendislik.com\\\/\",\"name\":\"Polat \u0130n\u015faat M\u00fchendislik\",\"description\":\"Vizyonunuzu Ger\u00e7e\u011fe D\u00f6n\u00fc\u015ft\u00fcr\u00fcyoruz\",\"publisher\":{\"@id\":\"https:\\\/\\\/polatinsaatmuhendislik.com\\\/#organization\"},\"potentialAction\":[{\"@type\":\"SearchAction\",\"target\":{\"@type\":\"EntryPoint\",\"urlTemplate\":\"https:\\\/\\\/polatinsaatmuhendislik.com\\\/?s={search_term_string}\"},\"query-input\":{\"@type\":\"PropertyValueSpecification\",\"valueRequired\":true,\"valueName\":\"search_term_string\"}}],\"inLanguage\":\"en-US\"},{\"@type\":\"Organization\",\"@id\":\"https:\\\/\\\/polatinsaatmuhendislik.com\\\/#organization\",\"name\":\"Polat \u0130n\u015faat Savunma M\u00fchendislik\",\"url\":\"https:\\\/\\\/polatinsaatmuhendislik.com\\\/\",\"logo\":{\"@type\":\"ImageObject\",\"inLanguage\":\"en-US\",\"@id\":\"https:\\\/\\\/polatinsaatmuhendislik.com\\\/#\\\/schema\\\/logo\\\/image\\\/\",\"url\":\"https:\\\/\\\/polatinsaatmuhendislik.com\\\/wp-content\\\/uploads\\\/2022\\\/11\\\/logo.jpg\",\"contentUrl\":\"https:\\\/\\\/polatinsaatmuhendislik.com\\\/wp-content\\\/uploads\\\/2022\\\/11\\\/logo.jpg\",\"width\":250,\"height\":135,\"caption\":\"Polat \u0130n\u015faat Savunma M\u00fchendislik\"},\"image\":{\"@id\":\"https:\\\/\\\/polatinsaatmuhendislik.com\\\/#\\\/schema\\\/logo\\\/image\\\/\"}}]}<\/script>\n<!-- \/ Yoast SEO plugin. -->","yoast_head_json":{"title":"\u015eirket Profili - Polat \u0130n\u015faat M\u00fchendislik","robots":{"index":"index","follow":"follow","max-snippet":"max-snippet:-1","max-image-preview":"max-image-preview:large","max-video-preview":"max-video-preview:-1"},"canonical":"https:\/\/polatinsaatmuhendislik.com\/en\/sirket-profili\/","og_locale":"en_US","og_type":"article","og_title":"\u015eirket Profili - Polat \u0130n\u015faat M\u00fchendislik","og_url":"https:\/\/polatinsaatmuhendislik.com\/en\/sirket-profili\/","og_site_name":"Polat \u0130n\u015faat M\u00fchendislik","article_modified_time":"2023-06-25T08:42:45+00:00","og_image":[{"width":250,"height":135,"url":"https:\/\/polatinsaatmuhendislik.com\/wp-content\/uploads\/2022\/11\/logo.jpg","type":"image\/jpeg"}],"twitter_card":"summary_large_image","schema":{"@context":"https:\/\/schema.org","@graph":[{"@type":"WebPage","@id":"https:\/\/polatinsaatmuhendislik.com\/sirket-profili\/","url":"https:\/\/polatinsaatmuhendislik.com\/sirket-profili\/","name":"\u015eirket Profili - Polat \u0130n\u015faat M\u00fchendislik","isPartOf":{"@id":"https:\/\/polatinsaatmuhendislik.com\/#website"},"datePublished":"2023-06-20T19:36:46+00:00","dateModified":"2023-06-25T08:42:45+00:00","breadcrumb":{"@id":"https:\/\/polatinsaatmuhendislik.com\/sirket-profili\/#breadcrumb"},"inLanguage":"en-US","potentialAction":[{"@type":"ReadAction","target":["https:\/\/polatinsaatmuhendislik.com\/sirket-profili\/"]}]},{"@type":"BreadcrumbList","@id":"https:\/\/polatinsaatmuhendislik.com\/sirket-profili\/#breadcrumb","itemListElement":[{"@type":"ListItem","position":1,"name":"Anasayfa","item":"https:\/\/polatinsaatmuhendislik.com\/"},{"@type":"ListItem","position":2,"name":"\u015eirket Profili"}]},{"@type":"WebSite","@id":"https:\/\/polatinsaatmuhendislik.com\/#website","url":"https:\/\/polatinsaatmuhendislik.com\/","name":"Polat \u0130n\u015faat M\u00fchendislik","description":"Vizyonunuzu Ger\u00e7e\u011fe D\u00f6n\u00fc\u015ft\u00fcr\u00fcyoruz","publisher":{"@id":"https:\/\/polatinsaatmuhendislik.com\/#organization"},"potentialAction":[{"@type":"SearchAction","target":{"@type":"EntryPoint","urlTemplate":"https:\/\/polatinsaatmuhendislik.com\/?s={search_term_string}"},"query-input":{"@type":"PropertyValueSpecification","valueRequired":true,"valueName":"search_term_string"}}],"inLanguage":"en-US"},{"@type":"Organization","@id":"https:\/\/polatinsaatmuhendislik.com\/#organization","name":"Polat \u0130n\u015faat Savunma M\u00fchendislik","url":"https:\/\/polatinsaatmuhendislik.com\/","logo":{"@type":"ImageObject","inLanguage":"en-US","@id":"https:\/\/polatinsaatmuhendislik.com\/#\/schema\/logo\/image\/","url":"https:\/\/polatinsaatmuhendislik.com\/wp-content\/uploads\/2022\/11\/logo.jpg","contentUrl":"https:\/\/polatinsaatmuhendislik.com\/wp-content\/uploads\/2022\/11\/logo.jpg","width":250,"height":135,"caption":"Polat \u0130n\u015faat Savunma M\u00fchendislik"},"image":{"@id":"https:\/\/polatinsaatmuhendislik.com\/#\/schema\/logo\/image\/"}}]}},"_links":{"self":[{"href":"https:\/\/polatinsaatmuhendislik.com\/en\/wp-json\/wp\/v2\/pages\/729","targetHints":{"allow":["GET"]}}],"collection":[{"href":"https:\/\/polatinsaatmuhendislik.com\/en\/wp-json\/wp\/v2\/pages"}],"about":[{"href":"https:\/\/polatinsaatmuhendislik.com\/en\/wp-json\/wp\/v2\/types\/page"}],"author":[{"embeddable":true,"href":"https:\/\/polatinsaatmuhendislik.com\/en\/wp-json\/wp\/v2\/users\/1"}],"replies":[{"embeddable":true,"href":"https:\/\/polatinsaatmuhendislik.com\/en\/wp-json\/wp\/v2\/comments?post=729"}],"version-history":[{"count":2,"href":"https:\/\/polatinsaatmuhendislik.com\/en\/wp-json\/wp\/v2\/pages\/729\/revisions"}],"predecessor-version":[{"id":780,"href":"https:\/\/polatinsaatmuhendislik.com\/en\/wp-json\/wp\/v2\/pages\/729\/revisions\/780"}],"wp:attachment":[{"href":"https:\/\/polatinsaatmuhendislik.com\/en\/wp-json\/wp\/v2\/media?parent=729"}],"curies":[{"name":"wp","href":"https:\/\/api.w.org\/{rel}","templated":true}]}}