{"id":627,"date":"2023-06-08T00:46:10","date_gmt":"2023-06-07T21:46:10","guid":{"rendered":"https:\/\/polatinsaatmuhendislik.com\/?page_id=627"},"modified":"2023-09-16T00:01:06","modified_gmt":"2023-09-15T21:01:06","slug":"savunma-sanayi","status":"publish","type":"page","link":"https:\/\/polatinsaatmuhendislik.com\/en\/savunma-sanayi\/","title":{"rendered":"Defense Industry"},"content":{"rendered":"<div data-elementor-type=\"wp-page\" data-elementor-id=\"627\" class=\"elementor elementor-627\" data-elementor-post-type=\"page\">\n\t\t\t\t\t\t<section class=\"elementor-section elementor-top-section elementor-element elementor-element-53cf76a elementor-section-full_width elementor-section-height-default elementor-section-height-default\" data-id=\"53cf76a\" data-element_type=\"section\" data-e-type=\"section\">\n\t\t\t\t\t\t<div class=\"elementor-container elementor-column-gap-default\">\n\t\t\t\t\t<div class=\"elementor-column elementor-col-100 elementor-top-column elementor-element elementor-element-b164f2a\" data-id=\"b164f2a\" data-element_type=\"column\" data-e-type=\"column\">\n\t\t\t<div class=\"elementor-widget-wrap elementor-element-populated\">\n\t\t\t\t\t\t<section class=\"elementor-section elementor-inner-section elementor-element elementor-element-9ed2bb4 elementor-section-boxed elementor-section-height-default elementor-section-height-default\" data-id=\"9ed2bb4\" data-element_type=\"section\" data-e-type=\"section\">\n\t\t\t\t\t\t<div class=\"elementor-container elementor-column-gap-default\">\n\t\t\t\t\t<div class=\"elementor-column elementor-col-50 elementor-inner-column elementor-element elementor-element-82bc312\" data-id=\"82bc312\" data-element_type=\"column\" data-e-type=\"column\">\n\t\t\t<div class=\"elementor-widget-wrap elementor-element-populated\">\n\t\t\t\t\t\t<div class=\"elementor-element elementor-element-b928781 elementor-widget elementor-widget-image\" data-id=\"b928781\" data-element_type=\"widget\" data-e-type=\"widget\" data-widget_type=\"image.default\">\n\t\t\t\t<div class=\"elementor-widget-container\">\n\t\t\t\t\t\t\t\t\t\t\t\t\t\t\t<img fetchpriority=\"high\" decoding=\"async\" width=\"595\" height=\"408\" src=\"https:\/\/polatinsaatmuhendislik.com\/wp-content\/uploads\/2023\/07\/polat-savunma-sanayi.png\" class=\"attachment-large size-large wp-image-783\" alt=\"\" srcset=\"https:\/\/polatinsaatmuhendislik.com\/wp-content\/uploads\/2023\/07\/polat-savunma-sanayi.png 595w, https:\/\/polatinsaatmuhendislik.com\/wp-content\/uploads\/2023\/07\/polat-savunma-sanayi-300x206.png 300w, https:\/\/polatinsaatmuhendislik.com\/wp-content\/uploads\/2023\/07\/polat-savunma-sanayi-18x12.png 18w, https:\/\/polatinsaatmuhendislik.com\/wp-content\/uploads\/2023\/07\/polat-savunma-sanayi-200x137.png 200w\" sizes=\"(max-width: 595px) 100vw, 595px\" \/>\t\t\t\t\t\t\t\t\t\t\t\t\t\t\t<\/div>\n\t\t\t\t<\/div>\n\t\t\t\t<div class=\"elementor-element elementor-element-b0b93b1 elementor-widget elementor-widget-text-editor\" data-id=\"b0b93b1\" data-element_type=\"widget\" data-e-type=\"widget\" data-widget_type=\"text-editor.default\">\n\t\t\t\t<div class=\"elementor-widget-container\">\n\t\t\t\t\t\t\t\t\t<p>We are a team specialized in the field of construction and also serving the defense industry. Focusing on defense industry projects, we offer special solutions for military facilities, security centers and strategic points.<\/p><p>We use the latest technology to meet our customers' highest safety standards. Our experienced engineers and expert staff are experts at handling complex and customized projects.<\/p><p>With our advanced technical knowledge and innovative approach, we prioritize quality and safety in every project. While providing customized solutions for defense industry projects, we ensure that the projects are completed within the budget and time frame.<\/p><p>Customer satisfaction is our top priority. We are here to understand your needs and provide first-class service to meet your needs. We plan your projects meticulously, stay in constant communication and work in a result-oriented manner.<\/p><p>With your cooperation, you can realize the most complex defense projects. As Polat \u0130n\u015faat, we are here to prepare you for the future with our expertise in security and defense.<\/p><p>To contact us and learn more about your projects, please contact us. We will be happy to assist you.\"<\/p>\t\t\t\t\t\t\t\t<\/div>\n\t\t\t\t<\/div>\n\t\t\t\t\t<\/div>\n\t\t<\/div>\n\t\t\t\t<div class=\"elementor-column elementor-col-50 elementor-inner-column elementor-element elementor-element-989ad81\" data-id=\"989ad81\" data-element_type=\"column\" data-e-type=\"column\">\n\t\t\t<div class=\"elementor-widget-wrap elementor-element-populated\">\n\t\t\t\t\t\t<div class=\"elementor-element elementor-element-6194bd9 elementor-widget elementor-widget-image\" data-id=\"6194bd9\" data-element_type=\"widget\" data-e-type=\"widget\" data-widget_type=\"image.default\">\n\t\t\t\t<div class=\"elementor-widget-container\">\n\t\t\t\t\t\t\t\t\t\t\t\t\t\t\t<img decoding=\"async\" width=\"445\" height=\"1024\" src=\"https:\/\/polatinsaatmuhendislik.com\/wp-content\/uploads\/2023\/06\/WhatsApp-Image-2023-06-08-at-00.52.14-2-445x1024.jpeg\" class=\"attachment-large size-large wp-image-644\" alt=\"\" srcset=\"https:\/\/polatinsaatmuhendislik.com\/wp-content\/uploads\/2023\/06\/WhatsApp-Image-2023-06-08-at-00.52.14-2-445x1024.jpeg 445w, https:\/\/polatinsaatmuhendislik.com\/wp-content\/uploads\/2023\/06\/WhatsApp-Image-2023-06-08-at-00.52.14-2-131x300.jpeg 131w, https:\/\/polatinsaatmuhendislik.com\/wp-content\/uploads\/2023\/06\/WhatsApp-Image-2023-06-08-at-00.52.14-2-668x1536.jpeg 668w, https:\/\/polatinsaatmuhendislik.com\/wp-content\/uploads\/2023\/06\/WhatsApp-Image-2023-06-08-at-00.52.14-2-5x12.jpeg 5w, https:\/\/polatinsaatmuhendislik.com\/wp-content\/uploads\/2023\/06\/WhatsApp-Image-2023-06-08-at-00.52.14-2-200x460.jpeg 200w, https:\/\/polatinsaatmuhendislik.com\/wp-content\/uploads\/2023\/06\/WhatsApp-Image-2023-06-08-at-00.52.14-2.jpeg 696w\" sizes=\"(max-width: 445px) 100vw, 445px\" \/>\t\t\t\t\t\t\t\t\t\t\t\t\t\t\t<\/div>\n\t\t\t\t<\/div>\n\t\t\t\t\t<\/div>\n\t\t<\/div>\n\t\t\t\t\t<\/div>\n\t\t<\/section>\n\t\t\t\t<div class=\"elementor-element elementor-element-9696d43 elementor-widget elementor-widget-video\" data-id=\"9696d43\" data-element_type=\"widget\" data-e-type=\"widget\" data-settings=\"{&quot;video_type&quot;:&quot;hosted&quot;,&quot;controls&quot;:&quot;yes&quot;}\" data-widget_type=\"video.default\">\n\t\t\t\t<div class=\"elementor-widget-container\">\n\t\t\t\t\t\t\t<div class=\"e-hosted-video elementor-wrapper elementor-open-inline\">\n\t\t\t\t\t<video class=\"elementor-video\" src=\"https:\/\/polatinsaatmuhendislik.com\/wp-content\/uploads\/2023\/07\/ea78adc7-51ba-42bf-a2c2-dead4fd441bd.mp4\" controls=\"\" preload=\"metadata\" controlslist=\"nodownload\"><\/video>\n\t\t\t\t<\/div>\n\t\t\t\t\t\t<\/div>\n\t\t\t\t<\/div>\n\t\t\t\t<div class=\"elementor-element elementor-element-eb77f17 elementor-widget elementor-widget-heading\" data-id=\"eb77f17\" data-element_type=\"widget\" data-e-type=\"widget\" data-widget_type=\"heading.default\">\n\t\t\t\t<div class=\"elementor-widget-container\">\n\t\t\t\t\t<h2 class=\"elementor-heading-title elementor-size-default\">Polat Savunma Sanayi<\/h2>\t\t\t\t<\/div>\n\t\t\t\t<\/div>\n\t\t\t\t\t<\/div>\n\t\t<\/div>\n\t\t\t\t\t<\/div>\n\t\t<\/section>\n\t\t\t\t<\/div>","protected":false},"excerpt":{"rendered":"<p>Biz, in\u015faat alan\u0131nda uzmanla\u015fm\u0131\u015f ve ayn\u0131 zamanda savunma sanayiine hizmet sunan bir ekibiz. Savunma sanayi projelerine odaklanarak, askeri tesisler, g\u00fcvenlik merkezleri ve stratejik noktalar i\u00e7in \u00f6zel \u00e7\u00f6z\u00fcmler sunmaktay\u0131z. M\u00fc\u015fterilerimizin en y\u00fcksek g\u00fcvenlik standartlar\u0131n\u0131 kar\u015f\u0131lamak i\u00e7in son teknolojiyi kullanmaktay\u0131z. Deneyimli m\u00fchendislerimiz ve uzman kadromuz, karma\u015f\u0131k ve \u00f6zelle\u015ftirilmi\u015f projelerin \u00fcstesinden gelme konusunda uzmand\u0131r. Geli\u015fmi\u015f teknik bilgi ve [&hellip;]<\/p>\n","protected":false},"author":1,"featured_media":697,"parent":0,"menu_order":0,"comment_status":"closed","ping_status":"closed","template":"single-proje.php","meta":{"_acf_changed":false,"inline_featured_image":false,"_monsterinsights_skip_tracking":false,"_monsterinsights_sitenote_active":false,"_monsterinsights_sitenote_note":"","_monsterinsights_sitenote_category":0,"footnotes":""},"class_list":["post-627","page","type-page","status-publish","has-post-thumbnail","hentry"],"acf":[],"yoast_head":"<!-- This site is optimized with the Yoast SEO plugin v27.4 - https:\/\/yoast.com\/product\/yoast-seo-wordpress\/ -->\n<title>Savunma Sanayi - Polat \u0130n\u015faat M\u00fchendislik<\/title>\n<meta name=\"robots\" content=\"index, follow, max-snippet:-1, max-image-preview:large, max-video-preview:-1\" \/>\n<link rel=\"canonical\" href=\"https:\/\/polatinsaatmuhendislik.com\/en\/savunma-sanayi\/\" \/>\n<meta property=\"og:locale\" content=\"en_US\" \/>\n<meta property=\"og:type\" content=\"article\" \/>\n<meta property=\"og:title\" content=\"Savunma Sanayi - Polat \u0130n\u015faat M\u00fchendislik\" \/>\n<meta property=\"og:description\" content=\"Biz, in\u015faat alan\u0131nda uzmanla\u015fm\u0131\u015f ve ayn\u0131 zamanda savunma sanayiine hizmet sunan bir ekibiz. Savunma sanayi projelerine odaklanarak, askeri tesisler, g\u00fcvenlik merkezleri ve stratejik noktalar i\u00e7in \u00f6zel \u00e7\u00f6z\u00fcmler sunmaktay\u0131z. M\u00fc\u015fterilerimizin en y\u00fcksek g\u00fcvenlik standartlar\u0131n\u0131 kar\u015f\u0131lamak i\u00e7in son teknolojiyi kullanmaktay\u0131z. Deneyimli m\u00fchendislerimiz ve uzman kadromuz, karma\u015f\u0131k ve \u00f6zelle\u015ftirilmi\u015f projelerin \u00fcstesinden gelme konusunda uzmand\u0131r. Geli\u015fmi\u015f teknik bilgi ve [&hellip;]\" \/>\n<meta property=\"og:url\" content=\"https:\/\/polatinsaatmuhendislik.com\/en\/savunma-sanayi\/\" \/>\n<meta property=\"og:site_name\" content=\"Polat \u0130n\u015faat M\u00fchendislik\" \/>\n<meta property=\"article:modified_time\" content=\"2023-09-15T21:01:06+00:00\" \/>\n<meta property=\"og:image\" content=\"https:\/\/polatinsaatmuhendislik.com\/wp-content\/uploads\/2023\/06\/anka.jpg\" \/>\n\t<meta property=\"og:image:width\" content=\"864\" \/>\n\t<meta property=\"og:image:height\" content=\"486\" \/>\n\t<meta property=\"og:image:type\" content=\"image\/jpeg\" \/>\n<meta name=\"twitter:card\" content=\"summary_large_image\" \/>\n<meta name=\"twitter:label1\" content=\"Est. reading time\" \/>\n\t<meta name=\"twitter:data1\" content=\"2 minutes\" \/>\n<script type=\"application\/ld+json\" class=\"yoast-schema-graph\">{\"@context\":\"https:\\\/\\\/schema.org\",\"@graph\":[{\"@type\":\"WebPage\",\"@id\":\"https:\\\/\\\/polatinsaatmuhendislik.com\\\/savunma-sanayi\\\/\",\"url\":\"https:\\\/\\\/polatinsaatmuhendislik.com\\\/savunma-sanayi\\\/\",\"name\":\"Savunma Sanayi - Polat \u0130n\u015faat M\u00fchendislik\",\"isPartOf\":{\"@id\":\"https:\\\/\\\/polatinsaatmuhendislik.com\\\/#website\"},\"primaryImageOfPage\":{\"@id\":\"https:\\\/\\\/polatinsaatmuhendislik.com\\\/savunma-sanayi\\\/#primaryimage\"},\"image\":{\"@id\":\"https:\\\/\\\/polatinsaatmuhendislik.com\\\/savunma-sanayi\\\/#primaryimage\"},\"thumbnailUrl\":\"https:\\\/\\\/polatinsaatmuhendislik.com\\\/wp-content\\\/uploads\\\/2023\\\/06\\\/anka.jpg\",\"datePublished\":\"2023-06-07T21:46:10+00:00\",\"dateModified\":\"2023-09-15T21:01:06+00:00\",\"breadcrumb\":{\"@id\":\"https:\\\/\\\/polatinsaatmuhendislik.com\\\/savunma-sanayi\\\/#breadcrumb\"},\"inLanguage\":\"en-US\",\"potentialAction\":[{\"@type\":\"ReadAction\",\"target\":[\"https:\\\/\\\/polatinsaatmuhendislik.com\\\/savunma-sanayi\\\/\"]}]},{\"@type\":\"ImageObject\",\"inLanguage\":\"en-US\",\"@id\":\"https:\\\/\\\/polatinsaatmuhendislik.com\\\/savunma-sanayi\\\/#primaryimage\",\"url\":\"https:\\\/\\\/polatinsaatmuhendislik.com\\\/wp-content\\\/uploads\\\/2023\\\/06\\\/anka.jpg\",\"contentUrl\":\"https:\\\/\\\/polatinsaatmuhendislik.com\\\/wp-content\\\/uploads\\\/2023\\\/06\\\/anka.jpg\",\"width\":864,\"height\":486},{\"@type\":\"BreadcrumbList\",\"@id\":\"https:\\\/\\\/polatinsaatmuhendislik.com\\\/savunma-sanayi\\\/#breadcrumb\",\"itemListElement\":[{\"@type\":\"ListItem\",\"position\":1,\"name\":\"Anasayfa\",\"item\":\"https:\\\/\\\/polatinsaatmuhendislik.com\\\/\"},{\"@type\":\"ListItem\",\"position\":2,\"name\":\"Savunma Sanayi\"}]},{\"@type\":\"WebSite\",\"@id\":\"https:\\\/\\\/polatinsaatmuhendislik.com\\\/#website\",\"url\":\"https:\\\/\\\/polatinsaatmuhendislik.com\\\/\",\"name\":\"Polat \u0130n\u015faat M\u00fchendislik\",\"description\":\"Vizyonunuzu Ger\u00e7e\u011fe D\u00f6n\u00fc\u015ft\u00fcr\u00fcyoruz\",\"publisher\":{\"@id\":\"https:\\\/\\\/polatinsaatmuhendislik.com\\\/#organization\"},\"potentialAction\":[{\"@type\":\"SearchAction\",\"target\":{\"@type\":\"EntryPoint\",\"urlTemplate\":\"https:\\\/\\\/polatinsaatmuhendislik.com\\\/?s={search_term_string}\"},\"query-input\":{\"@type\":\"PropertyValueSpecification\",\"valueRequired\":true,\"valueName\":\"search_term_string\"}}],\"inLanguage\":\"en-US\"},{\"@type\":\"Organization\",\"@id\":\"https:\\\/\\\/polatinsaatmuhendislik.com\\\/#organization\",\"name\":\"Polat \u0130n\u015faat Savunma M\u00fchendislik\",\"url\":\"https:\\\/\\\/polatinsaatmuhendislik.com\\\/\",\"logo\":{\"@type\":\"ImageObject\",\"inLanguage\":\"en-US\",\"@id\":\"https:\\\/\\\/polatinsaatmuhendislik.com\\\/#\\\/schema\\\/logo\\\/image\\\/\",\"url\":\"https:\\\/\\\/polatinsaatmuhendislik.com\\\/wp-content\\\/uploads\\\/2022\\\/11\\\/logo.jpg\",\"contentUrl\":\"https:\\\/\\\/polatinsaatmuhendislik.com\\\/wp-content\\\/uploads\\\/2022\\\/11\\\/logo.jpg\",\"width\":250,\"height\":135,\"caption\":\"Polat \u0130n\u015faat Savunma M\u00fchendislik\"},\"image\":{\"@id\":\"https:\\\/\\\/polatinsaatmuhendislik.com\\\/#\\\/schema\\\/logo\\\/image\\\/\"}}]}<\/script>\n<!-- \/ Yoast SEO plugin. -->","yoast_head_json":{"title":"Savunma Sanayi - Polat \u0130n\u015faat M\u00fchendislik","robots":{"index":"index","follow":"follow","max-snippet":"max-snippet:-1","max-image-preview":"max-image-preview:large","max-video-preview":"max-video-preview:-1"},"canonical":"https:\/\/polatinsaatmuhendislik.com\/en\/savunma-sanayi\/","og_locale":"en_US","og_type":"article","og_title":"Savunma Sanayi - Polat \u0130n\u015faat M\u00fchendislik","og_description":"Biz, in\u015faat alan\u0131nda uzmanla\u015fm\u0131\u015f ve ayn\u0131 zamanda savunma sanayiine hizmet sunan bir ekibiz. Savunma sanayi projelerine odaklanarak, askeri tesisler, g\u00fcvenlik merkezleri ve stratejik noktalar i\u00e7in \u00f6zel \u00e7\u00f6z\u00fcmler sunmaktay\u0131z. M\u00fc\u015fterilerimizin en y\u00fcksek g\u00fcvenlik standartlar\u0131n\u0131 kar\u015f\u0131lamak i\u00e7in son teknolojiyi kullanmaktay\u0131z. Deneyimli m\u00fchendislerimiz ve uzman kadromuz, karma\u015f\u0131k ve \u00f6zelle\u015ftirilmi\u015f projelerin \u00fcstesinden gelme konusunda uzmand\u0131r. Geli\u015fmi\u015f teknik bilgi ve [&hellip;]","og_url":"https:\/\/polatinsaatmuhendislik.com\/en\/savunma-sanayi\/","og_site_name":"Polat \u0130n\u015faat M\u00fchendislik","article_modified_time":"2023-09-15T21:01:06+00:00","og_image":[{"width":864,"height":486,"url":"https:\/\/polatinsaatmuhendislik.com\/wp-content\/uploads\/2023\/06\/anka.jpg","type":"image\/jpeg"}],"twitter_card":"summary_large_image","twitter_misc":{"Est. reading time":"2 minutes"},"schema":{"@context":"https:\/\/schema.org","@graph":[{"@type":"WebPage","@id":"https:\/\/polatinsaatmuhendislik.com\/savunma-sanayi\/","url":"https:\/\/polatinsaatmuhendislik.com\/savunma-sanayi\/","name":"Savunma Sanayi - Polat \u0130n\u015faat M\u00fchendislik","isPartOf":{"@id":"https:\/\/polatinsaatmuhendislik.com\/#website"},"primaryImageOfPage":{"@id":"https:\/\/polatinsaatmuhendislik.com\/savunma-sanayi\/#primaryimage"},"image":{"@id":"https:\/\/polatinsaatmuhendislik.com\/savunma-sanayi\/#primaryimage"},"thumbnailUrl":"https:\/\/polatinsaatmuhendislik.com\/wp-content\/uploads\/2023\/06\/anka.jpg","datePublished":"2023-06-07T21:46:10+00:00","dateModified":"2023-09-15T21:01:06+00:00","breadcrumb":{"@id":"https:\/\/polatinsaatmuhendislik.com\/savunma-sanayi\/#breadcrumb"},"inLanguage":"en-US","potentialAction":[{"@type":"ReadAction","target":["https:\/\/polatinsaatmuhendislik.com\/savunma-sanayi\/"]}]},{"@type":"ImageObject","inLanguage":"en-US","@id":"https:\/\/polatinsaatmuhendislik.com\/savunma-sanayi\/#primaryimage","url":"https:\/\/polatinsaatmuhendislik.com\/wp-content\/uploads\/2023\/06\/anka.jpg","contentUrl":"https:\/\/polatinsaatmuhendislik.com\/wp-content\/uploads\/2023\/06\/anka.jpg","width":864,"height":486},{"@type":"BreadcrumbList","@id":"https:\/\/polatinsaatmuhendislik.com\/savunma-sanayi\/#breadcrumb","itemListElement":[{"@type":"ListItem","position":1,"name":"Anasayfa","item":"https:\/\/polatinsaatmuhendislik.com\/"},{"@type":"ListItem","position":2,"name":"Savunma Sanayi"}]},{"@type":"WebSite","@id":"https:\/\/polatinsaatmuhendislik.com\/#website","url":"https:\/\/polatinsaatmuhendislik.com\/","name":"Polat \u0130n\u015faat M\u00fchendislik","description":"Vizyonunuzu Ger\u00e7e\u011fe D\u00f6n\u00fc\u015ft\u00fcr\u00fcyoruz","publisher":{"@id":"https:\/\/polatinsaatmuhendislik.com\/#organization"},"potentialAction":[{"@type":"SearchAction","target":{"@type":"EntryPoint","urlTemplate":"https:\/\/polatinsaatmuhendislik.com\/?s={search_term_string}"},"query-input":{"@type":"PropertyValueSpecification","valueRequired":true,"valueName":"search_term_string"}}],"inLanguage":"en-US"},{"@type":"Organization","@id":"https:\/\/polatinsaatmuhendislik.com\/#organization","name":"Polat \u0130n\u015faat Savunma M\u00fchendislik","url":"https:\/\/polatinsaatmuhendislik.com\/","logo":{"@type":"ImageObject","inLanguage":"en-US","@id":"https:\/\/polatinsaatmuhendislik.com\/#\/schema\/logo\/image\/","url":"https:\/\/polatinsaatmuhendislik.com\/wp-content\/uploads\/2022\/11\/logo.jpg","contentUrl":"https:\/\/polatinsaatmuhendislik.com\/wp-content\/uploads\/2022\/11\/logo.jpg","width":250,"height":135,"caption":"Polat \u0130n\u015faat Savunma M\u00fchendislik"},"image":{"@id":"https:\/\/polatinsaatmuhendislik.com\/#\/schema\/logo\/image\/"}}]}},"_links":{"self":[{"href":"https:\/\/polatinsaatmuhendislik.com\/en\/wp-json\/wp\/v2\/pages\/627","targetHints":{"allow":["GET"]}}],"collection":[{"href":"https:\/\/polatinsaatmuhendislik.com\/en\/wp-json\/wp\/v2\/pages"}],"about":[{"href":"https:\/\/polatinsaatmuhendislik.com\/en\/wp-json\/wp\/v2\/types\/page"}],"author":[{"embeddable":true,"href":"https:\/\/polatinsaatmuhendislik.com\/en\/wp-json\/wp\/v2\/users\/1"}],"replies":[{"embeddable":true,"href":"https:\/\/polatinsaatmuhendislik.com\/en\/wp-json\/wp\/v2\/comments?post=627"}],"version-history":[{"count":42,"href":"https:\/\/polatinsaatmuhendislik.com\/en\/wp-json\/wp\/v2\/pages\/627\/revisions"}],"predecessor-version":[{"id":834,"href":"https:\/\/polatinsaatmuhendislik.com\/en\/wp-json\/wp\/v2\/pages\/627\/revisions\/834"}],"wp:featuredmedia":[{"embeddable":true,"href":"https:\/\/polatinsaatmuhendislik.com\/en\/wp-json\/wp\/v2\/media\/697"}],"wp:attachment":[{"href":"https:\/\/polatinsaatmuhendislik.com\/en\/wp-json\/wp\/v2\/media?parent=627"}],"curies":[{"name":"wp","href":"https:\/\/api.w.org\/{rel}","templated":true}]}}