{"id":5,"date":"2016-08-13T23:27:16","date_gmt":"2016-08-13T20:27:16","guid":{"rendered":"http:\/\/dockermachine:8084\/?page_id=5"},"modified":"2022-11-06T03:25:41","modified_gmt":"2022-11-06T00:25:41","slug":"hakkimizda","status":"publish","type":"page","link":"https:\/\/polatinsaatmuhendislik.com\/en\/hakkimizda\/","title":{"rendered":"About Us"},"content":{"rendered":"<p class=\"p2\">Our company was established under the name of Polat \u0130n\u015faat (Polat Constuction) in 1950 by Fahrettin POLAT and worked mainly in the construction of Kars-Sar\u0131kam\u0131\u015f railway line as a newly established company. In 1981, Fahrettin POLAT was succeeded by Alaattin POLAT, Civil Engineer, under whose direction the company undertook works in the projects of TEKEL (General Directorate of Monopolies), DLH (General Directorate of Railway, Port and Airport Construction) and several municipalities, and other public and private projects. The company was transformed from sole proprietorship to a limited liability corporation under the name of POLAT \u0130N\u015eAAT M\u00dcHEND\u0130SL\u0130K VE T\u0130C.LTD. \u015eT\u0130. by Alaattin POLAT, Selahattin POLAT ve Ziyattin POLAT as founding partners in 1993. Alaattin POLAT handed over his position as managing partner to his son Hakan POLAT in 2014. Our company\u2019s area of expertise is the planning and design of ports, and port construction organization, realization, control, and all related activities. Since our establishment to the day, we have accomplished several coastal structure projects and other types of projects for the Ministry of Transport, Maritime Affairs and Communications; the Ministry of Environment and Urban Planning; the Ministry of Culture and Tourism; several municipalities and private companies. We realized the archaeological excavations works in Yenikap\u0131, Sirkeci and \u00dcsk\u00fcdar, a project spanning 8 years, within the framework of the Marmaray Project which constitutes an important part of Istanbul\u2019s urban transportation network.<\/p>\n<p class=\"p2\"><span class=\"s1\"><b>Fields of Activity<\/b><\/span><\/p>\n<p class=\"p7\"><span class=\"s1\">\u2022 Port, Fishing Port, Quay, Marina and Shipyard Construction Works<\/span><\/p>\n<p class=\"p8\"><span class=\"s1\">\u2022 Jetty, Pier and Cutwater Construction and Shore Protection Works<\/span><\/p>\n<p class=\"p8\"><span class=\"s1\">\u2022 All Types of Wharf Projects (Pillar Quays, Block Quays, Underwater Concrete)<\/span><\/p>\n<p class=\"p8\"><span class=\"s1\">\u2022 Driven Pile and Bored Pile Construction Works<\/span><\/p>\n<p class=\"p8\"><span class=\"s1\">\u2022 All Types of Excavation Works, Archaeological Excavations<\/span><\/p>\n<p class=\"p8\"><span class=\"s1\">\u2022 All Types of Building Construction Works<\/span><\/p>\n<p class=\"p8\"><span class=\"s1\">\u2022 Industrial Plant Construction<\/span><\/p>\n<p class=\"p8\"><span class=\"s1\">\u2022 Shipyard Cradle Construction<\/span><\/p>\n<p class=\"p8\"><span class=\"s1\">\u2022 All Types of Electrical Design and Installation Works<\/span><\/p>\n<p class=\"p8\"><span class=\"s1\">\u2022 Urban transformation projects and applications<\/span><\/p>\n<p class=\"p8\"><span class=\"s1\">\u2022 All kinds of necessary materials (archeology, timber, iron and cleaning materials)<\/span><\/p>\n<p class=\"p8\"><span class=\"s1\">\u2022 The excavation soil is sifted, enriched and reused in our facilities.<\/span><\/p>","protected":false},"excerpt":{"rendered":"<p>1950 Y\u0131l\u0131nda Polat \u0130n\u015faat olarak Fahrettin POLAT taraf\u0131ndan kurulan firmam\u0131z, o tarihlerde a\u011f\u0131rl\u0131kl\u0131 olarak Kars-Sar\u0131kam\u0131\u015f demiryolu in\u015faatlar\u0131nda faaliyet g\u00f6stermi\u015ftir. 1981 Y\u0131l\u0131nda \u0130n\u015faat M\u00fchendisi Alaattin POLAT taraf\u0131ndan \u00e7al\u0131\u015fmalar\u0131n\u0131 s\u00fcrd\u00fcren firmam\u0131z Milli Savunma Bakanl\u0131\u011f\u0131, Tekel Genel M\u00fcd\u00fcrl\u00fc\u011f\u00fc, Demiryollar\u0131 Limanlar ve Hava Meydanlar\u0131 \u0130n\u015faat Genel M\u00fcd\u00fcrl\u00fc\u011f\u00fc, \u00e7e\u015fitli Belediyeler ile di\u011fer Kamu ve \u00f6zel sekt\u00f6re ait i\u015flerde faaliyetini s\u00fcrd\u00fcrm\u00fc\u015ft\u00fcr. [&hellip;]<\/p>\n","protected":false},"author":1,"featured_media":92,"parent":0,"menu_order":0,"comment_status":"closed","ping_status":"closed","template":"","meta":{"_acf_changed":false,"inline_featured_image":false,"_monsterinsights_skip_tracking":false,"_monsterinsights_sitenote_active":false,"_monsterinsights_sitenote_note":"","_monsterinsights_sitenote_category":0,"footnotes":""},"class_list":["post-5","page","type-page","status-publish","has-post-thumbnail","hentry"],"acf":[],"yoast_head":"<!-- This site is optimized with the Yoast SEO plugin v27.4 - https:\/\/yoast.com\/product\/yoast-seo-wordpress\/ -->\n<title>Hakk\u0131m\u0131zda - Polat \u0130n\u015faat M\u00fchendislik<\/title>\n<meta name=\"robots\" content=\"index, follow, max-snippet:-1, max-image-preview:large, max-video-preview:-1\" \/>\n<link rel=\"canonical\" href=\"https:\/\/polatinsaatmuhendislik.com\/en\/hakkimizda\/\" \/>\n<meta property=\"og:locale\" content=\"en_US\" \/>\n<meta property=\"og:type\" content=\"article\" \/>\n<meta property=\"og:title\" content=\"Hakk\u0131m\u0131zda - Polat \u0130n\u015faat M\u00fchendislik\" \/>\n<meta property=\"og:description\" content=\"1950 Y\u0131l\u0131nda Polat \u0130n\u015faat olarak Fahrettin POLAT taraf\u0131ndan kurulan firmam\u0131z, o tarihlerde a\u011f\u0131rl\u0131kl\u0131 olarak Kars-Sar\u0131kam\u0131\u015f demiryolu in\u015faatlar\u0131nda faaliyet g\u00f6stermi\u015ftir. 1981 Y\u0131l\u0131nda \u0130n\u015faat M\u00fchendisi Alaattin POLAT taraf\u0131ndan \u00e7al\u0131\u015fmalar\u0131n\u0131 s\u00fcrd\u00fcren firmam\u0131z Milli Savunma Bakanl\u0131\u011f\u0131, Tekel Genel M\u00fcd\u00fcrl\u00fc\u011f\u00fc, Demiryollar\u0131 Limanlar ve Hava Meydanlar\u0131 \u0130n\u015faat Genel M\u00fcd\u00fcrl\u00fc\u011f\u00fc, \u00e7e\u015fitli Belediyeler ile di\u011fer Kamu ve \u00f6zel sekt\u00f6re ait i\u015flerde faaliyetini s\u00fcrd\u00fcrm\u00fc\u015ft\u00fcr. [&hellip;]\" \/>\n<meta property=\"og:url\" content=\"https:\/\/polatinsaatmuhendislik.com\/en\/hakkimizda\/\" \/>\n<meta property=\"og:site_name\" content=\"Polat \u0130n\u015faat M\u00fchendislik\" \/>\n<meta property=\"article:modified_time\" content=\"2022-11-06T00:25:41+00:00\" \/>\n<meta property=\"og:image\" content=\"https:\/\/polatinsaatmuhendislik.com\/wp-content\/uploads\/2016\/08\/bodrum-1000x389.jpg\" \/>\n\t<meta property=\"og:image:width\" content=\"1000\" \/>\n\t<meta property=\"og:image:height\" content=\"389\" \/>\n\t<meta property=\"og:image:type\" content=\"image\/jpeg\" \/>\n<meta name=\"twitter:card\" content=\"summary_large_image\" \/>\n<meta name=\"twitter:label1\" content=\"Est. reading time\" \/>\n\t<meta name=\"twitter:data1\" content=\"2 minutes\" \/>\n<script type=\"application\/ld+json\" class=\"yoast-schema-graph\">{\"@context\":\"https:\\\/\\\/schema.org\",\"@graph\":[{\"@type\":\"WebPage\",\"@id\":\"https:\\\/\\\/polatinsaatmuhendislik.com\\\/hakkimizda\\\/\",\"url\":\"https:\\\/\\\/polatinsaatmuhendislik.com\\\/hakkimizda\\\/\",\"name\":\"Hakk\u0131m\u0131zda - Polat \u0130n\u015faat M\u00fchendislik\",\"isPartOf\":{\"@id\":\"https:\\\/\\\/polatinsaatmuhendislik.com\\\/#website\"},\"primaryImageOfPage\":{\"@id\":\"https:\\\/\\\/polatinsaatmuhendislik.com\\\/hakkimizda\\\/#primaryimage\"},\"image\":{\"@id\":\"https:\\\/\\\/polatinsaatmuhendislik.com\\\/hakkimizda\\\/#primaryimage\"},\"thumbnailUrl\":\"https:\\\/\\\/polatinsaatmuhendislik.com\\\/wp-content\\\/uploads\\\/2016\\\/08\\\/bodrum-1000x389.jpg\",\"datePublished\":\"2016-08-13T20:27:16+00:00\",\"dateModified\":\"2022-11-06T00:25:41+00:00\",\"breadcrumb\":{\"@id\":\"https:\\\/\\\/polatinsaatmuhendislik.com\\\/hakkimizda\\\/#breadcrumb\"},\"inLanguage\":\"en-US\",\"potentialAction\":[{\"@type\":\"ReadAction\",\"target\":[\"https:\\\/\\\/polatinsaatmuhendislik.com\\\/hakkimizda\\\/\"]}]},{\"@type\":\"ImageObject\",\"inLanguage\":\"en-US\",\"@id\":\"https:\\\/\\\/polatinsaatmuhendislik.com\\\/hakkimizda\\\/#primaryimage\",\"url\":\"https:\\\/\\\/polatinsaatmuhendislik.com\\\/wp-content\\\/uploads\\\/2016\\\/08\\\/bodrum-1000x389.jpg\",\"contentUrl\":\"https:\\\/\\\/polatinsaatmuhendislik.com\\\/wp-content\\\/uploads\\\/2016\\\/08\\\/bodrum-1000x389.jpg\",\"width\":1000,\"height\":389},{\"@type\":\"BreadcrumbList\",\"@id\":\"https:\\\/\\\/polatinsaatmuhendislik.com\\\/hakkimizda\\\/#breadcrumb\",\"itemListElement\":[{\"@type\":\"ListItem\",\"position\":1,\"name\":\"Anasayfa\",\"item\":\"https:\\\/\\\/polatinsaatmuhendislik.com\\\/\"},{\"@type\":\"ListItem\",\"position\":2,\"name\":\"Hakk\u0131m\u0131zda\"}]},{\"@type\":\"WebSite\",\"@id\":\"https:\\\/\\\/polatinsaatmuhendislik.com\\\/#website\",\"url\":\"https:\\\/\\\/polatinsaatmuhendislik.com\\\/\",\"name\":\"Polat \u0130n\u015faat M\u00fchendislik\",\"description\":\"Vizyonunuzu Ger\u00e7e\u011fe D\u00f6n\u00fc\u015ft\u00fcr\u00fcyoruz\",\"publisher\":{\"@id\":\"https:\\\/\\\/polatinsaatmuhendislik.com\\\/#organization\"},\"potentialAction\":[{\"@type\":\"SearchAction\",\"target\":{\"@type\":\"EntryPoint\",\"urlTemplate\":\"https:\\\/\\\/polatinsaatmuhendislik.com\\\/?s={search_term_string}\"},\"query-input\":{\"@type\":\"PropertyValueSpecification\",\"valueRequired\":true,\"valueName\":\"search_term_string\"}}],\"inLanguage\":\"en-US\"},{\"@type\":\"Organization\",\"@id\":\"https:\\\/\\\/polatinsaatmuhendislik.com\\\/#organization\",\"name\":\"Polat \u0130n\u015faat Savunma M\u00fchendislik\",\"url\":\"https:\\\/\\\/polatinsaatmuhendislik.com\\\/\",\"logo\":{\"@type\":\"ImageObject\",\"inLanguage\":\"en-US\",\"@id\":\"https:\\\/\\\/polatinsaatmuhendislik.com\\\/#\\\/schema\\\/logo\\\/image\\\/\",\"url\":\"https:\\\/\\\/polatinsaatmuhendislik.com\\\/wp-content\\\/uploads\\\/2022\\\/11\\\/logo.jpg\",\"contentUrl\":\"https:\\\/\\\/polatinsaatmuhendislik.com\\\/wp-content\\\/uploads\\\/2022\\\/11\\\/logo.jpg\",\"width\":250,\"height\":135,\"caption\":\"Polat \u0130n\u015faat Savunma M\u00fchendislik\"},\"image\":{\"@id\":\"https:\\\/\\\/polatinsaatmuhendislik.com\\\/#\\\/schema\\\/logo\\\/image\\\/\"}}]}<\/script>\n<!-- \/ Yoast SEO plugin. -->","yoast_head_json":{"title":"Hakk\u0131m\u0131zda - Polat \u0130n\u015faat M\u00fchendislik","robots":{"index":"index","follow":"follow","max-snippet":"max-snippet:-1","max-image-preview":"max-image-preview:large","max-video-preview":"max-video-preview:-1"},"canonical":"https:\/\/polatinsaatmuhendislik.com\/en\/hakkimizda\/","og_locale":"en_US","og_type":"article","og_title":"Hakk\u0131m\u0131zda - Polat \u0130n\u015faat M\u00fchendislik","og_description":"1950 Y\u0131l\u0131nda Polat \u0130n\u015faat olarak Fahrettin POLAT taraf\u0131ndan kurulan firmam\u0131z, o tarihlerde a\u011f\u0131rl\u0131kl\u0131 olarak Kars-Sar\u0131kam\u0131\u015f demiryolu in\u015faatlar\u0131nda faaliyet g\u00f6stermi\u015ftir. 1981 Y\u0131l\u0131nda \u0130n\u015faat M\u00fchendisi Alaattin POLAT taraf\u0131ndan \u00e7al\u0131\u015fmalar\u0131n\u0131 s\u00fcrd\u00fcren firmam\u0131z Milli Savunma Bakanl\u0131\u011f\u0131, Tekel Genel M\u00fcd\u00fcrl\u00fc\u011f\u00fc, Demiryollar\u0131 Limanlar ve Hava Meydanlar\u0131 \u0130n\u015faat Genel M\u00fcd\u00fcrl\u00fc\u011f\u00fc, \u00e7e\u015fitli Belediyeler ile di\u011fer Kamu ve \u00f6zel sekt\u00f6re ait i\u015flerde faaliyetini s\u00fcrd\u00fcrm\u00fc\u015ft\u00fcr. [&hellip;]","og_url":"https:\/\/polatinsaatmuhendislik.com\/en\/hakkimizda\/","og_site_name":"Polat \u0130n\u015faat M\u00fchendislik","article_modified_time":"2022-11-06T00:25:41+00:00","og_image":[{"width":1000,"height":389,"url":"https:\/\/polatinsaatmuhendislik.com\/wp-content\/uploads\/2016\/08\/bodrum-1000x389.jpg","type":"image\/jpeg"}],"twitter_card":"summary_large_image","twitter_misc":{"Est. reading time":"2 minutes"},"schema":{"@context":"https:\/\/schema.org","@graph":[{"@type":"WebPage","@id":"https:\/\/polatinsaatmuhendislik.com\/hakkimizda\/","url":"https:\/\/polatinsaatmuhendislik.com\/hakkimizda\/","name":"Hakk\u0131m\u0131zda - Polat \u0130n\u015faat M\u00fchendislik","isPartOf":{"@id":"https:\/\/polatinsaatmuhendislik.com\/#website"},"primaryImageOfPage":{"@id":"https:\/\/polatinsaatmuhendislik.com\/hakkimizda\/#primaryimage"},"image":{"@id":"https:\/\/polatinsaatmuhendislik.com\/hakkimizda\/#primaryimage"},"thumbnailUrl":"https:\/\/polatinsaatmuhendislik.com\/wp-content\/uploads\/2016\/08\/bodrum-1000x389.jpg","datePublished":"2016-08-13T20:27:16+00:00","dateModified":"2022-11-06T00:25:41+00:00","breadcrumb":{"@id":"https:\/\/polatinsaatmuhendislik.com\/hakkimizda\/#breadcrumb"},"inLanguage":"en-US","potentialAction":[{"@type":"ReadAction","target":["https:\/\/polatinsaatmuhendislik.com\/hakkimizda\/"]}]},{"@type":"ImageObject","inLanguage":"en-US","@id":"https:\/\/polatinsaatmuhendislik.com\/hakkimizda\/#primaryimage","url":"https:\/\/polatinsaatmuhendislik.com\/wp-content\/uploads\/2016\/08\/bodrum-1000x389.jpg","contentUrl":"https:\/\/polatinsaatmuhendislik.com\/wp-content\/uploads\/2016\/08\/bodrum-1000x389.jpg","width":1000,"height":389},{"@type":"BreadcrumbList","@id":"https:\/\/polatinsaatmuhendislik.com\/hakkimizda\/#breadcrumb","itemListElement":[{"@type":"ListItem","position":1,"name":"Anasayfa","item":"https:\/\/polatinsaatmuhendislik.com\/"},{"@type":"ListItem","position":2,"name":"Hakk\u0131m\u0131zda"}]},{"@type":"WebSite","@id":"https:\/\/polatinsaatmuhendislik.com\/#website","url":"https:\/\/polatinsaatmuhendislik.com\/","name":"Polat \u0130n\u015faat M\u00fchendislik","description":"Vizyonunuzu Ger\u00e7e\u011fe D\u00f6n\u00fc\u015ft\u00fcr\u00fcyoruz","publisher":{"@id":"https:\/\/polatinsaatmuhendislik.com\/#organization"},"potentialAction":[{"@type":"SearchAction","target":{"@type":"EntryPoint","urlTemplate":"https:\/\/polatinsaatmuhendislik.com\/?s={search_term_string}"},"query-input":{"@type":"PropertyValueSpecification","valueRequired":true,"valueName":"search_term_string"}}],"inLanguage":"en-US"},{"@type":"Organization","@id":"https:\/\/polatinsaatmuhendislik.com\/#organization","name":"Polat \u0130n\u015faat Savunma M\u00fchendislik","url":"https:\/\/polatinsaatmuhendislik.com\/","logo":{"@type":"ImageObject","inLanguage":"en-US","@id":"https:\/\/polatinsaatmuhendislik.com\/#\/schema\/logo\/image\/","url":"https:\/\/polatinsaatmuhendislik.com\/wp-content\/uploads\/2022\/11\/logo.jpg","contentUrl":"https:\/\/polatinsaatmuhendislik.com\/wp-content\/uploads\/2022\/11\/logo.jpg","width":250,"height":135,"caption":"Polat \u0130n\u015faat Savunma M\u00fchendislik"},"image":{"@id":"https:\/\/polatinsaatmuhendislik.com\/#\/schema\/logo\/image\/"}}]}},"_links":{"self":[{"href":"https:\/\/polatinsaatmuhendislik.com\/en\/wp-json\/wp\/v2\/pages\/5","targetHints":{"allow":["GET"]}}],"collection":[{"href":"https:\/\/polatinsaatmuhendislik.com\/en\/wp-json\/wp\/v2\/pages"}],"about":[{"href":"https:\/\/polatinsaatmuhendislik.com\/en\/wp-json\/wp\/v2\/types\/page"}],"author":[{"embeddable":true,"href":"https:\/\/polatinsaatmuhendislik.com\/en\/wp-json\/wp\/v2\/users\/1"}],"replies":[{"embeddable":true,"href":"https:\/\/polatinsaatmuhendislik.com\/en\/wp-json\/wp\/v2\/comments?post=5"}],"version-history":[{"count":4,"href":"https:\/\/polatinsaatmuhendislik.com\/en\/wp-json\/wp\/v2\/pages\/5\/revisions"}],"predecessor-version":[{"id":159,"href":"https:\/\/polatinsaatmuhendislik.com\/en\/wp-json\/wp\/v2\/pages\/5\/revisions\/159"}],"wp:featuredmedia":[{"embeddable":true,"href":"https:\/\/polatinsaatmuhendislik.com\/en\/wp-json\/wp\/v2\/media\/92"}],"wp:attachment":[{"href":"https:\/\/polatinsaatmuhendislik.com\/en\/wp-json\/wp\/v2\/media?parent=5"}],"curies":[{"name":"wp","href":"https:\/\/api.w.org\/{rel}","templated":true}]}}