{"id":318,"date":"2022-11-15T21:31:10","date_gmt":"2022-11-15T18:31:10","guid":{"rendered":"https:\/\/polatinsaatmuhendislik.com\/?page_id=318"},"modified":"2022-11-15T21:33:43","modified_gmt":"2022-11-15T18:33:43","slug":"kalite-politikamiz","status":"publish","type":"page","link":"https:\/\/polatinsaatmuhendislik.com\/en\/kalite-politikamiz\/","title":{"rendered":"Quality Policy"},"content":{"rendered":"<ul class=\"wp-block-list\">\n<li>To closely monitor all technological developments in the construction sector and to apply the latest technology and construction innovations in all its activities,<\/li>\n\n\n\n<li>In all construction design and production activities; To comply with Environmental Management, Occupational Health and Safety rules, contracts, specifications, standards and regulations,<\/li>\n\n\n\n<li>To produce the most suitable solutions for the expectations of our customers, to realize their expectations and to ensure customer satisfaction,<\/li>\n\n\n\n<li>Observing the price-efficiency balance of the services provided,<\/li>\n\n\n\n<li>Constantly measuring and improving the quality it has achieved and always looking for the better,<\/li>\n\n\n\n<li>To aim at world standards in quality at every stage and in all details,<\/li>\n\n\n\n<li>To train employees continuously and to increase their sensitivity about quality and to ensure their participation in order to reach the targeted quality,<\/li>\n\n\n\n<li>Relying on the support and productivity of our employees, aiming to reach Contemporary Quality Values and customer satisfaction and to continuously improve,<\/li>\n\n\n\n<li>To use resources economically, effectively and efficiently in order to maintain customer satisfaction.<\/li>\n<\/ul>","protected":false},"excerpt":{"rendered":"","protected":false},"author":1,"featured_media":320,"parent":0,"menu_order":0,"comment_status":"closed","ping_status":"closed","template":"","meta":{"_acf_changed":false,"inline_featured_image":false,"_monsterinsights_skip_tracking":false,"_monsterinsights_sitenote_active":false,"_monsterinsights_sitenote_note":"","_monsterinsights_sitenote_category":0,"footnotes":""},"class_list":["post-318","page","type-page","status-publish","has-post-thumbnail","hentry"],"acf":[],"yoast_head":"<!-- This site is optimized with the Yoast SEO plugin v27.4 - https:\/\/yoast.com\/product\/yoast-seo-wordpress\/ -->\n<title>Kalite Politikam\u0131z - Polat \u0130n\u015faat M\u00fchendislik<\/title>\n<meta name=\"robots\" content=\"index, follow, max-snippet:-1, max-image-preview:large, max-video-preview:-1\" \/>\n<link rel=\"canonical\" href=\"https:\/\/polatinsaatmuhendislik.com\/en\/kalite-politikamiz\/\" \/>\n<meta property=\"og:locale\" content=\"en_US\" \/>\n<meta property=\"og:type\" content=\"article\" \/>\n<meta property=\"og:title\" content=\"Kalite Politikam\u0131z - Polat \u0130n\u015faat M\u00fchendislik\" \/>\n<meta property=\"og:url\" content=\"https:\/\/polatinsaatmuhendislik.com\/en\/kalite-politikamiz\/\" \/>\n<meta property=\"og:site_name\" content=\"Polat \u0130n\u015faat M\u00fchendislik\" \/>\n<meta property=\"article:modified_time\" content=\"2022-11-15T18:33:43+00:00\" \/>\n<meta property=\"og:image\" content=\"https:\/\/polatinsaatmuhendislik.com\/wp-content\/uploads\/2022\/11\/MTVhMWFiMDY3MzFhYWI.jpg\" \/>\n\t<meta property=\"og:image:width\" content=\"1000\" \/>\n\t<meta property=\"og:image:height\" content=\"648\" \/>\n\t<meta property=\"og:image:type\" content=\"image\/jpeg\" \/>\n<meta name=\"twitter:card\" content=\"summary_large_image\" \/>\n<meta name=\"twitter:label1\" content=\"Est. reading time\" \/>\n\t<meta name=\"twitter:data1\" content=\"1 minute\" \/>\n<script type=\"application\/ld+json\" class=\"yoast-schema-graph\">{\"@context\":\"https:\\\/\\\/schema.org\",\"@graph\":[{\"@type\":\"WebPage\",\"@id\":\"https:\\\/\\\/polatinsaatmuhendislik.com\\\/kalite-politikamiz\\\/\",\"url\":\"https:\\\/\\\/polatinsaatmuhendislik.com\\\/kalite-politikamiz\\\/\",\"name\":\"Kalite Politikam\u0131z - Polat \u0130n\u015faat M\u00fchendislik\",\"isPartOf\":{\"@id\":\"https:\\\/\\\/polatinsaatmuhendislik.com\\\/#website\"},\"primaryImageOfPage\":{\"@id\":\"https:\\\/\\\/polatinsaatmuhendislik.com\\\/kalite-politikamiz\\\/#primaryimage\"},\"image\":{\"@id\":\"https:\\\/\\\/polatinsaatmuhendislik.com\\\/kalite-politikamiz\\\/#primaryimage\"},\"thumbnailUrl\":\"https:\\\/\\\/polatinsaatmuhendislik.com\\\/wp-content\\\/uploads\\\/2022\\\/11\\\/MTVhMWFiMDY3MzFhYWI.jpg\",\"datePublished\":\"2022-11-15T18:31:10+00:00\",\"dateModified\":\"2022-11-15T18:33:43+00:00\",\"breadcrumb\":{\"@id\":\"https:\\\/\\\/polatinsaatmuhendislik.com\\\/kalite-politikamiz\\\/#breadcrumb\"},\"inLanguage\":\"en-US\",\"potentialAction\":[{\"@type\":\"ReadAction\",\"target\":[\"https:\\\/\\\/polatinsaatmuhendislik.com\\\/kalite-politikamiz\\\/\"]}]},{\"@type\":\"ImageObject\",\"inLanguage\":\"en-US\",\"@id\":\"https:\\\/\\\/polatinsaatmuhendislik.com\\\/kalite-politikamiz\\\/#primaryimage\",\"url\":\"https:\\\/\\\/polatinsaatmuhendislik.com\\\/wp-content\\\/uploads\\\/2022\\\/11\\\/MTVhMWFiMDY3MzFhYWI.jpg\",\"contentUrl\":\"https:\\\/\\\/polatinsaatmuhendislik.com\\\/wp-content\\\/uploads\\\/2022\\\/11\\\/MTVhMWFiMDY3MzFhYWI.jpg\",\"width\":1000,\"height\":648},{\"@type\":\"BreadcrumbList\",\"@id\":\"https:\\\/\\\/polatinsaatmuhendislik.com\\\/kalite-politikamiz\\\/#breadcrumb\",\"itemListElement\":[{\"@type\":\"ListItem\",\"position\":1,\"name\":\"Anasayfa\",\"item\":\"https:\\\/\\\/polatinsaatmuhendislik.com\\\/\"},{\"@type\":\"ListItem\",\"position\":2,\"name\":\"Kalite Politikam\u0131z\"}]},{\"@type\":\"WebSite\",\"@id\":\"https:\\\/\\\/polatinsaatmuhendislik.com\\\/#website\",\"url\":\"https:\\\/\\\/polatinsaatmuhendislik.com\\\/\",\"name\":\"Polat \u0130n\u015faat M\u00fchendislik\",\"description\":\"Vizyonunuzu Ger\u00e7e\u011fe D\u00f6n\u00fc\u015ft\u00fcr\u00fcyoruz\",\"publisher\":{\"@id\":\"https:\\\/\\\/polatinsaatmuhendislik.com\\\/#organization\"},\"potentialAction\":[{\"@type\":\"SearchAction\",\"target\":{\"@type\":\"EntryPoint\",\"urlTemplate\":\"https:\\\/\\\/polatinsaatmuhendislik.com\\\/?s={search_term_string}\"},\"query-input\":{\"@type\":\"PropertyValueSpecification\",\"valueRequired\":true,\"valueName\":\"search_term_string\"}}],\"inLanguage\":\"en-US\"},{\"@type\":\"Organization\",\"@id\":\"https:\\\/\\\/polatinsaatmuhendislik.com\\\/#organization\",\"name\":\"Polat \u0130n\u015faat Savunma M\u00fchendislik\",\"url\":\"https:\\\/\\\/polatinsaatmuhendislik.com\\\/\",\"logo\":{\"@type\":\"ImageObject\",\"inLanguage\":\"en-US\",\"@id\":\"https:\\\/\\\/polatinsaatmuhendislik.com\\\/#\\\/schema\\\/logo\\\/image\\\/\",\"url\":\"https:\\\/\\\/polatinsaatmuhendislik.com\\\/wp-content\\\/uploads\\\/2022\\\/11\\\/logo.jpg\",\"contentUrl\":\"https:\\\/\\\/polatinsaatmuhendislik.com\\\/wp-content\\\/uploads\\\/2022\\\/11\\\/logo.jpg\",\"width\":250,\"height\":135,\"caption\":\"Polat \u0130n\u015faat Savunma M\u00fchendislik\"},\"image\":{\"@id\":\"https:\\\/\\\/polatinsaatmuhendislik.com\\\/#\\\/schema\\\/logo\\\/image\\\/\"}}]}<\/script>\n<!-- \/ Yoast SEO plugin. -->","yoast_head_json":{"title":"Kalite Politikam\u0131z - Polat \u0130n\u015faat M\u00fchendislik","robots":{"index":"index","follow":"follow","max-snippet":"max-snippet:-1","max-image-preview":"max-image-preview:large","max-video-preview":"max-video-preview:-1"},"canonical":"https:\/\/polatinsaatmuhendislik.com\/en\/kalite-politikamiz\/","og_locale":"en_US","og_type":"article","og_title":"Kalite Politikam\u0131z - Polat \u0130n\u015faat M\u00fchendislik","og_url":"https:\/\/polatinsaatmuhendislik.com\/en\/kalite-politikamiz\/","og_site_name":"Polat \u0130n\u015faat M\u00fchendislik","article_modified_time":"2022-11-15T18:33:43+00:00","og_image":[{"width":1000,"height":648,"url":"https:\/\/polatinsaatmuhendislik.com\/wp-content\/uploads\/2022\/11\/MTVhMWFiMDY3MzFhYWI.jpg","type":"image\/jpeg"}],"twitter_card":"summary_large_image","twitter_misc":{"Est. reading time":"1 minute"},"schema":{"@context":"https:\/\/schema.org","@graph":[{"@type":"WebPage","@id":"https:\/\/polatinsaatmuhendislik.com\/kalite-politikamiz\/","url":"https:\/\/polatinsaatmuhendislik.com\/kalite-politikamiz\/","name":"Kalite Politikam\u0131z - Polat \u0130n\u015faat M\u00fchendislik","isPartOf":{"@id":"https:\/\/polatinsaatmuhendislik.com\/#website"},"primaryImageOfPage":{"@id":"https:\/\/polatinsaatmuhendislik.com\/kalite-politikamiz\/#primaryimage"},"image":{"@id":"https:\/\/polatinsaatmuhendislik.com\/kalite-politikamiz\/#primaryimage"},"thumbnailUrl":"https:\/\/polatinsaatmuhendislik.com\/wp-content\/uploads\/2022\/11\/MTVhMWFiMDY3MzFhYWI.jpg","datePublished":"2022-11-15T18:31:10+00:00","dateModified":"2022-11-15T18:33:43+00:00","breadcrumb":{"@id":"https:\/\/polatinsaatmuhendislik.com\/kalite-politikamiz\/#breadcrumb"},"inLanguage":"en-US","potentialAction":[{"@type":"ReadAction","target":["https:\/\/polatinsaatmuhendislik.com\/kalite-politikamiz\/"]}]},{"@type":"ImageObject","inLanguage":"en-US","@id":"https:\/\/polatinsaatmuhendislik.com\/kalite-politikamiz\/#primaryimage","url":"https:\/\/polatinsaatmuhendislik.com\/wp-content\/uploads\/2022\/11\/MTVhMWFiMDY3MzFhYWI.jpg","contentUrl":"https:\/\/polatinsaatmuhendislik.com\/wp-content\/uploads\/2022\/11\/MTVhMWFiMDY3MzFhYWI.jpg","width":1000,"height":648},{"@type":"BreadcrumbList","@id":"https:\/\/polatinsaatmuhendislik.com\/kalite-politikamiz\/#breadcrumb","itemListElement":[{"@type":"ListItem","position":1,"name":"Anasayfa","item":"https:\/\/polatinsaatmuhendislik.com\/"},{"@type":"ListItem","position":2,"name":"Kalite Politikam\u0131z"}]},{"@type":"WebSite","@id":"https:\/\/polatinsaatmuhendislik.com\/#website","url":"https:\/\/polatinsaatmuhendislik.com\/","name":"Polat \u0130n\u015faat M\u00fchendislik","description":"Vizyonunuzu Ger\u00e7e\u011fe D\u00f6n\u00fc\u015ft\u00fcr\u00fcyoruz","publisher":{"@id":"https:\/\/polatinsaatmuhendislik.com\/#organization"},"potentialAction":[{"@type":"SearchAction","target":{"@type":"EntryPoint","urlTemplate":"https:\/\/polatinsaatmuhendislik.com\/?s={search_term_string}"},"query-input":{"@type":"PropertyValueSpecification","valueRequired":true,"valueName":"search_term_string"}}],"inLanguage":"en-US"},{"@type":"Organization","@id":"https:\/\/polatinsaatmuhendislik.com\/#organization","name":"Polat \u0130n\u015faat Savunma M\u00fchendislik","url":"https:\/\/polatinsaatmuhendislik.com\/","logo":{"@type":"ImageObject","inLanguage":"en-US","@id":"https:\/\/polatinsaatmuhendislik.com\/#\/schema\/logo\/image\/","url":"https:\/\/polatinsaatmuhendislik.com\/wp-content\/uploads\/2022\/11\/logo.jpg","contentUrl":"https:\/\/polatinsaatmuhendislik.com\/wp-content\/uploads\/2022\/11\/logo.jpg","width":250,"height":135,"caption":"Polat \u0130n\u015faat Savunma M\u00fchendislik"},"image":{"@id":"https:\/\/polatinsaatmuhendislik.com\/#\/schema\/logo\/image\/"}}]}},"_links":{"self":[{"href":"https:\/\/polatinsaatmuhendislik.com\/en\/wp-json\/wp\/v2\/pages\/318","targetHints":{"allow":["GET"]}}],"collection":[{"href":"https:\/\/polatinsaatmuhendislik.com\/en\/wp-json\/wp\/v2\/pages"}],"about":[{"href":"https:\/\/polatinsaatmuhendislik.com\/en\/wp-json\/wp\/v2\/types\/page"}],"author":[{"embeddable":true,"href":"https:\/\/polatinsaatmuhendislik.com\/en\/wp-json\/wp\/v2\/users\/1"}],"replies":[{"embeddable":true,"href":"https:\/\/polatinsaatmuhendislik.com\/en\/wp-json\/wp\/v2\/comments?post=318"}],"version-history":[{"count":1,"href":"https:\/\/polatinsaatmuhendislik.com\/en\/wp-json\/wp\/v2\/pages\/318\/revisions"}],"predecessor-version":[{"id":319,"href":"https:\/\/polatinsaatmuhendislik.com\/en\/wp-json\/wp\/v2\/pages\/318\/revisions\/319"}],"wp:featuredmedia":[{"embeddable":true,"href":"https:\/\/polatinsaatmuhendislik.com\/en\/wp-json\/wp\/v2\/media\/320"}],"wp:attachment":[{"href":"https:\/\/polatinsaatmuhendislik.com\/en\/wp-json\/wp\/v2\/media?parent=318"}],"curies":[{"name":"wp","href":"https:\/\/api.w.org\/{rel}","templated":true}]}}