{"id":28,"date":"2016-08-14T21:09:00","date_gmt":"2016-08-14T18:09:00","guid":{"rendered":"http:\/\/dockermachine:8084\/?page_id=28"},"modified":"2023-06-09T09:58:57","modified_gmt":"2023-06-09T06:58:57","slug":"faaliyetler","status":"publish","type":"page","link":"https:\/\/polatinsaatmuhendislik.com\/en\/faaliyetler\/","title":{"rendered":"Activities"},"content":{"rendered":"<div class=\"wpb_text_column wpb_content_element\">\n<div class=\"wpb_wrapper\">\n<p><span style=\"font-size: revert;\">\u2022 Port, Fishing Port, Quay, Marina and Shipyard Construction Works<\/span><\/p>\n<\/div>\n<\/div>\n<div class=\"wpb_text_column wpb_content_element\">\n<div class=\"wpb_wrapper\">\n<p class=\"p2\"><span class=\"s1\">\u2022 Jetty, Pier and Cutwater Construction and Shore Protection Works<\/span><\/p>\n<p class=\"p2\"><span class=\"s1\">\u2022 All Types of Wharf Projects (Pillar Quays, Block Quays, Underwater Concrete)<\/span><\/p>\n<p class=\"p2\"><span class=\"s1\">\u2022 Driven Pile and Bored Pile Construction Works<\/span><\/p>\n<p class=\"p2\"><span class=\"s1\">\u2022 All Types of Excavation Works, Archaeological Excavations<\/span><\/p>\n<p class=\"p2\"><span class=\"s1\">\u2022 All Types of Building Construction Works<\/span><\/p>\n<p class=\"p2\"><span class=\"s1\">\u2022 Industrial Plant Construction<\/span><\/p>\n<p class=\"p2\"><span class=\"s1\">\u2022 Shipyard Cradle Construction<\/span><\/p>\n<p class=\"p2\"><span class=\"s1\">\u2022 All Types of Electrical Design and Installation Works<\/span><\/p>\n<p class=\"p2\"><span class=\"s1\">\u2022 Urban transformation projects and applications<\/span><\/p>\n<p class=\"p2\"><span class=\"s1\">\u2022 All kinds of necessary materials (archeology, timber, iron and cleaning materials)<\/span><\/p>\n<p class=\"p2\"><span class=\"s1\">\u2022 The excavation soil is sifted, enriched and reused in our facilities.<\/span><\/p>\n<p>\u2022 Bungalov House, Tiny House<\/p>\n<p>\u2022 Defense Industry<\/p>\n<\/div>\n<\/div>\n\n<div class=\"wp-bootstrap-blocks-container container mb-2\">\n\t<\/div>","protected":false},"excerpt":{"rendered":"<p>\u2022 Liman, \u0130skele, Bal\u0131k\u00e7\u0131 Bar\u0131naklar\u0131, Marina ve Tersane \u0130n\u015faatlar\u0131 \u2022 Dalgak\u0131ran, Mendirek, Mahmuz, Sahil takkimat\u0131 i\u015fleri \u2022 Her t\u00fcrl\u00fc ( Kaz\u0131kl\u0131, Bloklu, Su i\u00e7i betonlu ) R\u0131ht\u0131m i\u015fleri \u2022 \u00c7akma ve Fore kaz\u0131k in\u015faatlar\u0131 \u2022 Her t\u00fcrl\u00fc kaz\u0131 i\u015fleri, Arkeolojik kaz\u0131lar \u2022 Her t\u00fcrl\u00fc Bina \u0130n\u015faatlar\u0131 ve taahh\u00fctleri \u2022 Sanayi tesisi \u0130n\u015faatlar\u0131 ve taahh\u00fctleri \u2022 [&hellip;]<\/p>\n","protected":false},"author":1,"featured_media":31,"parent":0,"menu_order":0,"comment_status":"closed","ping_status":"closed","template":"","meta":{"_acf_changed":false,"inline_featured_image":false,"_monsterinsights_skip_tracking":false,"_monsterinsights_sitenote_active":false,"_monsterinsights_sitenote_note":"","_monsterinsights_sitenote_category":0,"footnotes":""},"class_list":["post-28","page","type-page","status-publish","has-post-thumbnail","hentry"],"acf":[],"yoast_head":"<!-- This site is optimized with the Yoast SEO plugin v27.4 - https:\/\/yoast.com\/product\/yoast-seo-wordpress\/ -->\n<title>Faaliyet Alanlar\u0131 - Polat \u0130n\u015faat M\u00fchendislik<\/title>\n<meta name=\"robots\" content=\"index, follow, max-snippet:-1, max-image-preview:large, max-video-preview:-1\" \/>\n<link rel=\"canonical\" href=\"https:\/\/polatinsaatmuhendislik.com\/en\/faaliyetler\/\" \/>\n<meta property=\"og:locale\" content=\"en_US\" \/>\n<meta property=\"og:type\" content=\"article\" \/>\n<meta property=\"og:title\" content=\"Faaliyet Alanlar\u0131 - Polat \u0130n\u015faat M\u00fchendislik\" \/>\n<meta property=\"og:description\" content=\"\u2022 Liman, \u0130skele, Bal\u0131k\u00e7\u0131 Bar\u0131naklar\u0131, Marina ve Tersane \u0130n\u015faatlar\u0131 \u2022 Dalgak\u0131ran, Mendirek, Mahmuz, Sahil takkimat\u0131 i\u015fleri \u2022 Her t\u00fcrl\u00fc ( Kaz\u0131kl\u0131, Bloklu, Su i\u00e7i betonlu ) R\u0131ht\u0131m i\u015fleri \u2022 \u00c7akma ve Fore kaz\u0131k in\u015faatlar\u0131 \u2022 Her t\u00fcrl\u00fc kaz\u0131 i\u015fleri, Arkeolojik kaz\u0131lar \u2022 Her t\u00fcrl\u00fc Bina \u0130n\u015faatlar\u0131 ve taahh\u00fctleri \u2022 Sanayi tesisi \u0130n\u015faatlar\u0131 ve taahh\u00fctleri \u2022 [&hellip;]\" \/>\n<meta property=\"og:url\" content=\"https:\/\/polatinsaatmuhendislik.com\/en\/faaliyetler\/\" \/>\n<meta property=\"og:site_name\" content=\"Polat \u0130n\u015faat M\u00fchendislik\" \/>\n<meta property=\"article:modified_time\" content=\"2023-06-09T06:58:57+00:00\" \/>\n<meta property=\"og:image\" content=\"https:\/\/polatinsaatmuhendislik.com\/wp-content\/uploads\/2016\/08\/Construction-Wallpaper-10.jpg\" \/>\n\t<meta property=\"og:image:width\" content=\"1920\" \/>\n\t<meta property=\"og:image:height\" content=\"1440\" \/>\n\t<meta property=\"og:image:type\" content=\"image\/jpeg\" \/>\n<meta name=\"twitter:card\" content=\"summary_large_image\" \/>\n<meta name=\"twitter:label1\" content=\"Est. reading time\" \/>\n\t<meta name=\"twitter:data1\" content=\"1 minute\" \/>\n<script type=\"application\/ld+json\" class=\"yoast-schema-graph\">{\"@context\":\"https:\\\/\\\/schema.org\",\"@graph\":[{\"@type\":\"WebPage\",\"@id\":\"https:\\\/\\\/polatinsaatmuhendislik.com\\\/faaliyetler\\\/\",\"url\":\"https:\\\/\\\/polatinsaatmuhendislik.com\\\/faaliyetler\\\/\",\"name\":\"Faaliyet Alanlar\u0131 - Polat \u0130n\u015faat M\u00fchendislik\",\"isPartOf\":{\"@id\":\"https:\\\/\\\/polatinsaatmuhendislik.com\\\/#website\"},\"primaryImageOfPage\":{\"@id\":\"https:\\\/\\\/polatinsaatmuhendislik.com\\\/faaliyetler\\\/#primaryimage\"},\"image\":{\"@id\":\"https:\\\/\\\/polatinsaatmuhendislik.com\\\/faaliyetler\\\/#primaryimage\"},\"thumbnailUrl\":\"https:\\\/\\\/polatinsaatmuhendislik.com\\\/wp-content\\\/uploads\\\/2016\\\/08\\\/Construction-Wallpaper-10.jpg\",\"datePublished\":\"2016-08-14T18:09:00+00:00\",\"dateModified\":\"2023-06-09T06:58:57+00:00\",\"breadcrumb\":{\"@id\":\"https:\\\/\\\/polatinsaatmuhendislik.com\\\/faaliyetler\\\/#breadcrumb\"},\"inLanguage\":\"en-US\",\"potentialAction\":[{\"@type\":\"ReadAction\",\"target\":[\"https:\\\/\\\/polatinsaatmuhendislik.com\\\/faaliyetler\\\/\"]}]},{\"@type\":\"ImageObject\",\"inLanguage\":\"en-US\",\"@id\":\"https:\\\/\\\/polatinsaatmuhendislik.com\\\/faaliyetler\\\/#primaryimage\",\"url\":\"https:\\\/\\\/polatinsaatmuhendislik.com\\\/wp-content\\\/uploads\\\/2016\\\/08\\\/Construction-Wallpaper-10.jpg\",\"contentUrl\":\"https:\\\/\\\/polatinsaatmuhendislik.com\\\/wp-content\\\/uploads\\\/2016\\\/08\\\/Construction-Wallpaper-10.jpg\",\"width\":1920,\"height\":1440},{\"@type\":\"BreadcrumbList\",\"@id\":\"https:\\\/\\\/polatinsaatmuhendislik.com\\\/faaliyetler\\\/#breadcrumb\",\"itemListElement\":[{\"@type\":\"ListItem\",\"position\":1,\"name\":\"Anasayfa\",\"item\":\"https:\\\/\\\/polatinsaatmuhendislik.com\\\/\"},{\"@type\":\"ListItem\",\"position\":2,\"name\":\"Faaliyet Alanlar\u0131\"}]},{\"@type\":\"WebSite\",\"@id\":\"https:\\\/\\\/polatinsaatmuhendislik.com\\\/#website\",\"url\":\"https:\\\/\\\/polatinsaatmuhendislik.com\\\/\",\"name\":\"Polat \u0130n\u015faat M\u00fchendislik\",\"description\":\"Vizyonunuzu Ger\u00e7e\u011fe D\u00f6n\u00fc\u015ft\u00fcr\u00fcyoruz\",\"publisher\":{\"@id\":\"https:\\\/\\\/polatinsaatmuhendislik.com\\\/#organization\"},\"potentialAction\":[{\"@type\":\"SearchAction\",\"target\":{\"@type\":\"EntryPoint\",\"urlTemplate\":\"https:\\\/\\\/polatinsaatmuhendislik.com\\\/?s={search_term_string}\"},\"query-input\":{\"@type\":\"PropertyValueSpecification\",\"valueRequired\":true,\"valueName\":\"search_term_string\"}}],\"inLanguage\":\"en-US\"},{\"@type\":\"Organization\",\"@id\":\"https:\\\/\\\/polatinsaatmuhendislik.com\\\/#organization\",\"name\":\"Polat \u0130n\u015faat Savunma M\u00fchendislik\",\"url\":\"https:\\\/\\\/polatinsaatmuhendislik.com\\\/\",\"logo\":{\"@type\":\"ImageObject\",\"inLanguage\":\"en-US\",\"@id\":\"https:\\\/\\\/polatinsaatmuhendislik.com\\\/#\\\/schema\\\/logo\\\/image\\\/\",\"url\":\"https:\\\/\\\/polatinsaatmuhendislik.com\\\/wp-content\\\/uploads\\\/2022\\\/11\\\/logo.jpg\",\"contentUrl\":\"https:\\\/\\\/polatinsaatmuhendislik.com\\\/wp-content\\\/uploads\\\/2022\\\/11\\\/logo.jpg\",\"width\":250,\"height\":135,\"caption\":\"Polat \u0130n\u015faat Savunma M\u00fchendislik\"},\"image\":{\"@id\":\"https:\\\/\\\/polatinsaatmuhendislik.com\\\/#\\\/schema\\\/logo\\\/image\\\/\"}}]}<\/script>\n<!-- \/ Yoast SEO plugin. -->","yoast_head_json":{"title":"Faaliyet Alanlar\u0131 - Polat \u0130n\u015faat M\u00fchendislik","robots":{"index":"index","follow":"follow","max-snippet":"max-snippet:-1","max-image-preview":"max-image-preview:large","max-video-preview":"max-video-preview:-1"},"canonical":"https:\/\/polatinsaatmuhendislik.com\/en\/faaliyetler\/","og_locale":"en_US","og_type":"article","og_title":"Faaliyet Alanlar\u0131 - Polat \u0130n\u015faat M\u00fchendislik","og_description":"\u2022 Liman, \u0130skele, Bal\u0131k\u00e7\u0131 Bar\u0131naklar\u0131, Marina ve Tersane \u0130n\u015faatlar\u0131 \u2022 Dalgak\u0131ran, Mendirek, Mahmuz, Sahil takkimat\u0131 i\u015fleri \u2022 Her t\u00fcrl\u00fc ( Kaz\u0131kl\u0131, Bloklu, Su i\u00e7i betonlu ) R\u0131ht\u0131m i\u015fleri \u2022 \u00c7akma ve Fore kaz\u0131k in\u015faatlar\u0131 \u2022 Her t\u00fcrl\u00fc kaz\u0131 i\u015fleri, Arkeolojik kaz\u0131lar \u2022 Her t\u00fcrl\u00fc Bina \u0130n\u015faatlar\u0131 ve taahh\u00fctleri \u2022 Sanayi tesisi \u0130n\u015faatlar\u0131 ve taahh\u00fctleri \u2022 [&hellip;]","og_url":"https:\/\/polatinsaatmuhendislik.com\/en\/faaliyetler\/","og_site_name":"Polat \u0130n\u015faat M\u00fchendislik","article_modified_time":"2023-06-09T06:58:57+00:00","og_image":[{"width":1920,"height":1440,"url":"https:\/\/polatinsaatmuhendislik.com\/wp-content\/uploads\/2016\/08\/Construction-Wallpaper-10.jpg","type":"image\/jpeg"}],"twitter_card":"summary_large_image","twitter_misc":{"Est. reading time":"1 minute"},"schema":{"@context":"https:\/\/schema.org","@graph":[{"@type":"WebPage","@id":"https:\/\/polatinsaatmuhendislik.com\/faaliyetler\/","url":"https:\/\/polatinsaatmuhendislik.com\/faaliyetler\/","name":"Faaliyet Alanlar\u0131 - Polat \u0130n\u015faat M\u00fchendislik","isPartOf":{"@id":"https:\/\/polatinsaatmuhendislik.com\/#website"},"primaryImageOfPage":{"@id":"https:\/\/polatinsaatmuhendislik.com\/faaliyetler\/#primaryimage"},"image":{"@id":"https:\/\/polatinsaatmuhendislik.com\/faaliyetler\/#primaryimage"},"thumbnailUrl":"https:\/\/polatinsaatmuhendislik.com\/wp-content\/uploads\/2016\/08\/Construction-Wallpaper-10.jpg","datePublished":"2016-08-14T18:09:00+00:00","dateModified":"2023-06-09T06:58:57+00:00","breadcrumb":{"@id":"https:\/\/polatinsaatmuhendislik.com\/faaliyetler\/#breadcrumb"},"inLanguage":"en-US","potentialAction":[{"@type":"ReadAction","target":["https:\/\/polatinsaatmuhendislik.com\/faaliyetler\/"]}]},{"@type":"ImageObject","inLanguage":"en-US","@id":"https:\/\/polatinsaatmuhendislik.com\/faaliyetler\/#primaryimage","url":"https:\/\/polatinsaatmuhendislik.com\/wp-content\/uploads\/2016\/08\/Construction-Wallpaper-10.jpg","contentUrl":"https:\/\/polatinsaatmuhendislik.com\/wp-content\/uploads\/2016\/08\/Construction-Wallpaper-10.jpg","width":1920,"height":1440},{"@type":"BreadcrumbList","@id":"https:\/\/polatinsaatmuhendislik.com\/faaliyetler\/#breadcrumb","itemListElement":[{"@type":"ListItem","position":1,"name":"Anasayfa","item":"https:\/\/polatinsaatmuhendislik.com\/"},{"@type":"ListItem","position":2,"name":"Faaliyet Alanlar\u0131"}]},{"@type":"WebSite","@id":"https:\/\/polatinsaatmuhendislik.com\/#website","url":"https:\/\/polatinsaatmuhendislik.com\/","name":"Polat \u0130n\u015faat M\u00fchendislik","description":"Vizyonunuzu Ger\u00e7e\u011fe D\u00f6n\u00fc\u015ft\u00fcr\u00fcyoruz","publisher":{"@id":"https:\/\/polatinsaatmuhendislik.com\/#organization"},"potentialAction":[{"@type":"SearchAction","target":{"@type":"EntryPoint","urlTemplate":"https:\/\/polatinsaatmuhendislik.com\/?s={search_term_string}"},"query-input":{"@type":"PropertyValueSpecification","valueRequired":true,"valueName":"search_term_string"}}],"inLanguage":"en-US"},{"@type":"Organization","@id":"https:\/\/polatinsaatmuhendislik.com\/#organization","name":"Polat \u0130n\u015faat Savunma M\u00fchendislik","url":"https:\/\/polatinsaatmuhendislik.com\/","logo":{"@type":"ImageObject","inLanguage":"en-US","@id":"https:\/\/polatinsaatmuhendislik.com\/#\/schema\/logo\/image\/","url":"https:\/\/polatinsaatmuhendislik.com\/wp-content\/uploads\/2022\/11\/logo.jpg","contentUrl":"https:\/\/polatinsaatmuhendislik.com\/wp-content\/uploads\/2022\/11\/logo.jpg","width":250,"height":135,"caption":"Polat \u0130n\u015faat Savunma M\u00fchendislik"},"image":{"@id":"https:\/\/polatinsaatmuhendislik.com\/#\/schema\/logo\/image\/"}}]}},"_links":{"self":[{"href":"https:\/\/polatinsaatmuhendislik.com\/en\/wp-json\/wp\/v2\/pages\/28","targetHints":{"allow":["GET"]}}],"collection":[{"href":"https:\/\/polatinsaatmuhendislik.com\/en\/wp-json\/wp\/v2\/pages"}],"about":[{"href":"https:\/\/polatinsaatmuhendislik.com\/en\/wp-json\/wp\/v2\/types\/page"}],"author":[{"embeddable":true,"href":"https:\/\/polatinsaatmuhendislik.com\/en\/wp-json\/wp\/v2\/users\/1"}],"replies":[{"embeddable":true,"href":"https:\/\/polatinsaatmuhendislik.com\/en\/wp-json\/wp\/v2\/comments?post=28"}],"version-history":[{"count":7,"href":"https:\/\/polatinsaatmuhendislik.com\/en\/wp-json\/wp\/v2\/pages\/28\/revisions"}],"predecessor-version":[{"id":687,"href":"https:\/\/polatinsaatmuhendislik.com\/en\/wp-json\/wp\/v2\/pages\/28\/revisions\/687"}],"wp:featuredmedia":[{"embeddable":true,"href":"https:\/\/polatinsaatmuhendislik.com\/en\/wp-json\/wp\/v2\/media\/31"}],"wp:attachment":[{"href":"https:\/\/polatinsaatmuhendislik.com\/en\/wp-json\/wp\/v2\/media?parent=28"}],"curies":[{"name":"wp","href":"https:\/\/api.w.org\/{rel}","templated":true}]}}