{"id":25,"date":"2016-08-14T20:04:28","date_gmt":"2016-08-14T17:04:28","guid":{"rendered":"http:\/\/dockermachine:8084\/?page_id=25"},"modified":"2023-06-14T00:09:25","modified_gmt":"2023-06-13T21:09:25","slug":"iletisim","status":"publish","type":"page","link":"https:\/\/polatinsaatmuhendislik.com\/en\/iletisim\/","title":{"rendered":"Locations"},"content":{"rendered":"<div class=\"wp-bootstrap-blocks-row row\">\n\t\n\n<div class=\"col-12 col-md-8\">\n\t\t\t\n\n<h3 class=\"wp-block-heading\">Contact Us<\/h3>\n\n\n\n<p><strong>Merkez &#8211; Bak\u0131rk\u00f6y \u015eubesi<\/strong><\/p>\n\n\n\n<p>Sak\u0131za\u011fac\u0131 M.K\u00fc\u00e7\u00fckyal\u0131 Sk. No:3\/1 Bak\u0131rk\u00f6y \/ \u0130stanbul<br><strong>Tel:<\/strong> +90 212 660 71 53 &#8211; 660 77 94 (pbx)<\/p>\n\n\n\n<p><strong>\u00dcmraniye Branch<\/strong><\/p>\n\n\n\n<p>Atat\u00fcrk M., Gaffarefendi S., Y\u0131ld\u0131r\u0131m Pasaj\u0131, No:2\/77 \u00dcmraniye \/ \u0130stanbul<br><strong>Tel:<\/strong> +90 216 335 58 17<\/p>\n\n\n\n<p><strong>Kad\u0131k\u00f6y Branch<\/strong><\/p>\n\n\n\n<p>Osmana\u011fa M.\u00c7uhadara\u011fa Sk. Kad\u0131k\u00f6y Han No:2\/18, Kad\u0131k\u00f6y \/ \u0130stanbul<br><strong>Tel:<\/strong> +90 216 338 55 50<\/p>\n\n\n\n<p><a href=\"https:\/\/polatinsaatmuhendislik.com\/en\/\">www.polatinsaatmuhendislik.com<\/a><\/p>\n\n\n\n<p><a href=\"mailto:info@polatinsaatmuhendislik.com\">info@polatinsaatmuhendislik.com<\/a><\/p>\n\n\t<\/div>\n\n\n\n<div class=\"col-12 col-md-4\">\n\t\t\t\n\n<h3 class=\"wp-block-heading\">Contact Form<\/h3>\n\n\n\n<div class=\"wp-block-contact-form-7-contact-form-selector\">\n<div class=\"wpcf7 no-js\" id=\"wpcf7-f32-o1\" lang=\"tr-TR\" dir=\"ltr\" data-wpcf7-id=\"32\">\n<div class=\"screen-reader-response\"><p role=\"status\" aria-live=\"polite\" aria-atomic=\"true\"><\/p> <ul><\/ul><\/div>\n<form action=\"\/en\/wp-json\/wp\/v2\/pages\/25#wpcf7-f32-o1\" method=\"post\" class=\"wpcf7-form init\" aria-label=\"Contact Form\" novalidate=\"novalidate\" data-status=\"init\" data-trp-original-action=\"\/en\/wp-json\/wp\/v2\/pages\/25#wpcf7-f32-o1\">\n<fieldset class=\"hidden-fields-container\"><input type=\"hidden\" name=\"_wpcf7\" value=\"32\" \/><input type=\"hidden\" name=\"_wpcf7_version\" value=\"6.1.5\" \/><input type=\"hidden\" name=\"_wpcf7_locale\" value=\"tr_TR\" \/><input type=\"hidden\" name=\"_wpcf7_unit_tag\" value=\"wpcf7-f32-o1\" \/><input type=\"hidden\" name=\"_wpcf7_container_post\" value=\"0\" \/><input type=\"hidden\" name=\"_wpcf7_posted_data_hash\" value=\"\" \/>\n<\/fieldset>\n<p><label> Name (Required)<br \/>\n<span class=\"wpcf7-form-control-wrap\" data-name=\"your-name\"><input size=\"40\" maxlength=\"400\" class=\"wpcf7-form-control wpcf7-text wpcf7-validates-as-required\" aria-required=\"true\" aria-invalid=\"false\" value=\"\" type=\"text\" name=\"your-name\" \/><\/span> <\/label>\n<\/p>\n<p><label> E-mail (requited)<br \/>\n<span class=\"wpcf7-form-control-wrap\" data-name=\"your-email\"><input size=\"40\" maxlength=\"400\" class=\"wpcf7-form-control wpcf7-email wpcf7-validates-as-required wpcf7-text wpcf7-validates-as-email\" aria-required=\"true\" aria-invalid=\"false\" value=\"\" type=\"email\" name=\"your-email\" \/><\/span> <\/label>\n<\/p>\n<p><label> Subject<br \/>\n<span class=\"wpcf7-form-control-wrap\" data-name=\"your-subject\"><input size=\"40\" maxlength=\"400\" class=\"wpcf7-form-control wpcf7-text\" aria-invalid=\"false\" value=\"\" type=\"text\" name=\"your-subject\" \/><\/span> <\/label>\n<\/p>\n<p><label> Message<br \/>\n<span class=\"wpcf7-form-control-wrap\" data-name=\"your-message\"><textarea cols=\"40\" rows=\"10\" maxlength=\"2000\" class=\"wpcf7-form-control wpcf7-textarea\" aria-invalid=\"false\" name=\"your-message\"><\/textarea><\/span> <\/label>\n<\/p>\n<p><input type=\"hidden\" name=\"_wpcf7_captcha_challenge_captcha-1\" value=\"1800782430\" \/><img decoding=\"async\" class=\"wpcf7-form-control wpcf7-captchac wpcf7-captcha-captcha-1\" width=\"72\" height=\"24\" alt=\"captcha\" src=\"https:\/\/polatinsaatmuhendislik.com\/wp-content\/uploads\/wpcf7_captcha\/1800782430.png\" \/><span class=\"wpcf7-form-control-wrap\" data-name=\"captcha-1\"><input size=\"40\" class=\"wpcf7-form-control wpcf7-captchar\" autocomplete=\"off\" aria-invalid=\"false\" value=\"\" type=\"text\" name=\"captcha-1\" \/><\/span>\n<\/p>\n<p><input class=\"wpcf7-form-control wpcf7-submit has-spinner\" type=\"submit\" value=\"Send\" \/>\n<\/p><input type='hidden' class='wpcf7-pum' value='{\"closepopup\":false,\"closedelay\":0,\"openpopup\":false,\"openpopup_id\":0}' \/><div class=\"wpcf7-response-output\" aria-hidden=\"true\"><\/div>\n<input type=\"hidden\" name=\"trp-form-language\" value=\"en\"\/><\/form>\n<\/div>\n<\/div>\n\n\t<\/div>\n\n<\/div>","protected":false},"excerpt":{"rendered":"","protected":false},"author":1,"featured_media":41,"parent":0,"menu_order":0,"comment_status":"closed","ping_status":"closed","template":"","meta":{"_acf_changed":false,"inline_featured_image":false,"_monsterinsights_skip_tracking":false,"_monsterinsights_sitenote_active":false,"_monsterinsights_sitenote_note":"","_monsterinsights_sitenote_category":0,"footnotes":""},"class_list":["post-25","page","type-page","status-publish","has-post-thumbnail","hentry"],"acf":[],"yoast_head":"<!-- This site is optimized with the Yoast SEO plugin v27.4 - https:\/\/yoast.com\/product\/yoast-seo-wordpress\/ -->\n<title>\u0130leti\u015fim - Polat \u0130n\u015faat M\u00fchendislik<\/title>\n<meta name=\"robots\" content=\"index, follow, max-snippet:-1, max-image-preview:large, max-video-preview:-1\" \/>\n<link rel=\"canonical\" href=\"https:\/\/polatinsaatmuhendislik.com\/en\/iletisim\/\" \/>\n<meta property=\"og:locale\" content=\"en_US\" \/>\n<meta property=\"og:type\" content=\"article\" \/>\n<meta property=\"og:title\" content=\"\u0130leti\u015fim - Polat \u0130n\u015faat M\u00fchendislik\" \/>\n<meta property=\"og:url\" content=\"https:\/\/polatinsaatmuhendislik.com\/en\/iletisim\/\" \/>\n<meta property=\"og:site_name\" content=\"Polat \u0130n\u015faat M\u00fchendislik\" \/>\n<meta property=\"article:modified_time\" content=\"2023-06-13T21:09:25+00:00\" \/>\n<meta property=\"og:image\" content=\"https:\/\/polatinsaatmuhendislik.com\/wp-content\/uploads\/2016\/08\/featured-image_agendas.jpg\" \/>\n\t<meta property=\"og:image:width\" content=\"1920\" \/>\n\t<meta property=\"og:image:height\" content=\"835\" \/>\n\t<meta property=\"og:image:type\" content=\"image\/jpeg\" \/>\n<meta name=\"twitter:card\" content=\"summary_large_image\" \/>\n<meta name=\"twitter:label1\" content=\"Est. reading time\" \/>\n\t<meta name=\"twitter:data1\" content=\"1 minute\" \/>\n<script type=\"application\/ld+json\" class=\"yoast-schema-graph\">{\"@context\":\"https:\\\/\\\/schema.org\",\"@graph\":[{\"@type\":\"WebPage\",\"@id\":\"https:\\\/\\\/polatinsaatmuhendislik.com\\\/iletisim\\\/\",\"url\":\"https:\\\/\\\/polatinsaatmuhendislik.com\\\/iletisim\\\/\",\"name\":\"\u0130leti\u015fim - Polat \u0130n\u015faat M\u00fchendislik\",\"isPartOf\":{\"@id\":\"https:\\\/\\\/polatinsaatmuhendislik.com\\\/#website\"},\"primaryImageOfPage\":{\"@id\":\"https:\\\/\\\/polatinsaatmuhendislik.com\\\/iletisim\\\/#primaryimage\"},\"image\":{\"@id\":\"https:\\\/\\\/polatinsaatmuhendislik.com\\\/iletisim\\\/#primaryimage\"},\"thumbnailUrl\":\"https:\\\/\\\/polatinsaatmuhendislik.com\\\/wp-content\\\/uploads\\\/2016\\\/08\\\/featured-image_agendas.jpg\",\"datePublished\":\"2016-08-14T17:04:28+00:00\",\"dateModified\":\"2023-06-13T21:09:25+00:00\",\"breadcrumb\":{\"@id\":\"https:\\\/\\\/polatinsaatmuhendislik.com\\\/iletisim\\\/#breadcrumb\"},\"inLanguage\":\"en-US\",\"potentialAction\":[{\"@type\":\"ReadAction\",\"target\":[\"https:\\\/\\\/polatinsaatmuhendislik.com\\\/iletisim\\\/\"]}]},{\"@type\":\"ImageObject\",\"inLanguage\":\"en-US\",\"@id\":\"https:\\\/\\\/polatinsaatmuhendislik.com\\\/iletisim\\\/#primaryimage\",\"url\":\"https:\\\/\\\/polatinsaatmuhendislik.com\\\/wp-content\\\/uploads\\\/2016\\\/08\\\/featured-image_agendas.jpg\",\"contentUrl\":\"https:\\\/\\\/polatinsaatmuhendislik.com\\\/wp-content\\\/uploads\\\/2016\\\/08\\\/featured-image_agendas.jpg\",\"width\":1920,\"height\":835},{\"@type\":\"BreadcrumbList\",\"@id\":\"https:\\\/\\\/polatinsaatmuhendislik.com\\\/iletisim\\\/#breadcrumb\",\"itemListElement\":[{\"@type\":\"ListItem\",\"position\":1,\"name\":\"Anasayfa\",\"item\":\"https:\\\/\\\/polatinsaatmuhendislik.com\\\/\"},{\"@type\":\"ListItem\",\"position\":2,\"name\":\"\u0130leti\u015fim\"}]},{\"@type\":\"WebSite\",\"@id\":\"https:\\\/\\\/polatinsaatmuhendislik.com\\\/#website\",\"url\":\"https:\\\/\\\/polatinsaatmuhendislik.com\\\/\",\"name\":\"Polat \u0130n\u015faat M\u00fchendislik\",\"description\":\"Vizyonunuzu Ger\u00e7e\u011fe D\u00f6n\u00fc\u015ft\u00fcr\u00fcyoruz\",\"publisher\":{\"@id\":\"https:\\\/\\\/polatinsaatmuhendislik.com\\\/#organization\"},\"potentialAction\":[{\"@type\":\"SearchAction\",\"target\":{\"@type\":\"EntryPoint\",\"urlTemplate\":\"https:\\\/\\\/polatinsaatmuhendislik.com\\\/?s={search_term_string}\"},\"query-input\":{\"@type\":\"PropertyValueSpecification\",\"valueRequired\":true,\"valueName\":\"search_term_string\"}}],\"inLanguage\":\"en-US\"},{\"@type\":\"Organization\",\"@id\":\"https:\\\/\\\/polatinsaatmuhendislik.com\\\/#organization\",\"name\":\"Polat \u0130n\u015faat Savunma M\u00fchendislik\",\"url\":\"https:\\\/\\\/polatinsaatmuhendislik.com\\\/\",\"logo\":{\"@type\":\"ImageObject\",\"inLanguage\":\"en-US\",\"@id\":\"https:\\\/\\\/polatinsaatmuhendislik.com\\\/#\\\/schema\\\/logo\\\/image\\\/\",\"url\":\"https:\\\/\\\/polatinsaatmuhendislik.com\\\/wp-content\\\/uploads\\\/2022\\\/11\\\/logo.jpg\",\"contentUrl\":\"https:\\\/\\\/polatinsaatmuhendislik.com\\\/wp-content\\\/uploads\\\/2022\\\/11\\\/logo.jpg\",\"width\":250,\"height\":135,\"caption\":\"Polat \u0130n\u015faat Savunma M\u00fchendislik\"},\"image\":{\"@id\":\"https:\\\/\\\/polatinsaatmuhendislik.com\\\/#\\\/schema\\\/logo\\\/image\\\/\"}}]}<\/script>\n<!-- \/ Yoast SEO plugin. -->","yoast_head_json":{"title":"\u0130leti\u015fim - Polat \u0130n\u015faat M\u00fchendislik","robots":{"index":"index","follow":"follow","max-snippet":"max-snippet:-1","max-image-preview":"max-image-preview:large","max-video-preview":"max-video-preview:-1"},"canonical":"https:\/\/polatinsaatmuhendislik.com\/en\/iletisim\/","og_locale":"en_US","og_type":"article","og_title":"\u0130leti\u015fim - Polat \u0130n\u015faat M\u00fchendislik","og_url":"https:\/\/polatinsaatmuhendislik.com\/en\/iletisim\/","og_site_name":"Polat \u0130n\u015faat M\u00fchendislik","article_modified_time":"2023-06-13T21:09:25+00:00","og_image":[{"width":1920,"height":835,"url":"https:\/\/polatinsaatmuhendislik.com\/wp-content\/uploads\/2016\/08\/featured-image_agendas.jpg","type":"image\/jpeg"}],"twitter_card":"summary_large_image","twitter_misc":{"Est. reading time":"1 minute"},"schema":{"@context":"https:\/\/schema.org","@graph":[{"@type":"WebPage","@id":"https:\/\/polatinsaatmuhendislik.com\/iletisim\/","url":"https:\/\/polatinsaatmuhendislik.com\/iletisim\/","name":"\u0130leti\u015fim - Polat \u0130n\u015faat M\u00fchendislik","isPartOf":{"@id":"https:\/\/polatinsaatmuhendislik.com\/#website"},"primaryImageOfPage":{"@id":"https:\/\/polatinsaatmuhendislik.com\/iletisim\/#primaryimage"},"image":{"@id":"https:\/\/polatinsaatmuhendislik.com\/iletisim\/#primaryimage"},"thumbnailUrl":"https:\/\/polatinsaatmuhendislik.com\/wp-content\/uploads\/2016\/08\/featured-image_agendas.jpg","datePublished":"2016-08-14T17:04:28+00:00","dateModified":"2023-06-13T21:09:25+00:00","breadcrumb":{"@id":"https:\/\/polatinsaatmuhendislik.com\/iletisim\/#breadcrumb"},"inLanguage":"en-US","potentialAction":[{"@type":"ReadAction","target":["https:\/\/polatinsaatmuhendislik.com\/iletisim\/"]}]},{"@type":"ImageObject","inLanguage":"en-US","@id":"https:\/\/polatinsaatmuhendislik.com\/iletisim\/#primaryimage","url":"https:\/\/polatinsaatmuhendislik.com\/wp-content\/uploads\/2016\/08\/featured-image_agendas.jpg","contentUrl":"https:\/\/polatinsaatmuhendislik.com\/wp-content\/uploads\/2016\/08\/featured-image_agendas.jpg","width":1920,"height":835},{"@type":"BreadcrumbList","@id":"https:\/\/polatinsaatmuhendislik.com\/iletisim\/#breadcrumb","itemListElement":[{"@type":"ListItem","position":1,"name":"Anasayfa","item":"https:\/\/polatinsaatmuhendislik.com\/"},{"@type":"ListItem","position":2,"name":"\u0130leti\u015fim"}]},{"@type":"WebSite","@id":"https:\/\/polatinsaatmuhendislik.com\/#website","url":"https:\/\/polatinsaatmuhendislik.com\/","name":"Polat \u0130n\u015faat M\u00fchendislik","description":"Vizyonunuzu Ger\u00e7e\u011fe D\u00f6n\u00fc\u015ft\u00fcr\u00fcyoruz","publisher":{"@id":"https:\/\/polatinsaatmuhendislik.com\/#organization"},"potentialAction":[{"@type":"SearchAction","target":{"@type":"EntryPoint","urlTemplate":"https:\/\/polatinsaatmuhendislik.com\/?s={search_term_string}"},"query-input":{"@type":"PropertyValueSpecification","valueRequired":true,"valueName":"search_term_string"}}],"inLanguage":"en-US"},{"@type":"Organization","@id":"https:\/\/polatinsaatmuhendislik.com\/#organization","name":"Polat \u0130n\u015faat Savunma M\u00fchendislik","url":"https:\/\/polatinsaatmuhendislik.com\/","logo":{"@type":"ImageObject","inLanguage":"en-US","@id":"https:\/\/polatinsaatmuhendislik.com\/#\/schema\/logo\/image\/","url":"https:\/\/polatinsaatmuhendislik.com\/wp-content\/uploads\/2022\/11\/logo.jpg","contentUrl":"https:\/\/polatinsaatmuhendislik.com\/wp-content\/uploads\/2022\/11\/logo.jpg","width":250,"height":135,"caption":"Polat \u0130n\u015faat Savunma M\u00fchendislik"},"image":{"@id":"https:\/\/polatinsaatmuhendislik.com\/#\/schema\/logo\/image\/"}}]}},"_links":{"self":[{"href":"https:\/\/polatinsaatmuhendislik.com\/en\/wp-json\/wp\/v2\/pages\/25","targetHints":{"allow":["GET"]}}],"collection":[{"href":"https:\/\/polatinsaatmuhendislik.com\/en\/wp-json\/wp\/v2\/pages"}],"about":[{"href":"https:\/\/polatinsaatmuhendislik.com\/en\/wp-json\/wp\/v2\/types\/page"}],"author":[{"embeddable":true,"href":"https:\/\/polatinsaatmuhendislik.com\/en\/wp-json\/wp\/v2\/users\/1"}],"replies":[{"embeddable":true,"href":"https:\/\/polatinsaatmuhendislik.com\/en\/wp-json\/wp\/v2\/comments?post=25"}],"version-history":[{"count":23,"href":"https:\/\/polatinsaatmuhendislik.com\/en\/wp-json\/wp\/v2\/pages\/25\/revisions"}],"predecessor-version":[{"id":688,"href":"https:\/\/polatinsaatmuhendislik.com\/en\/wp-json\/wp\/v2\/pages\/25\/revisions\/688"}],"wp:featuredmedia":[{"embeddable":true,"href":"https:\/\/polatinsaatmuhendislik.com\/en\/wp-json\/wp\/v2\/media\/41"}],"wp:attachment":[{"href":"https:\/\/polatinsaatmuhendislik.com\/en\/wp-json\/wp\/v2\/media?parent=25"}],"curies":[{"name":"wp","href":"https:\/\/api.w.org\/{rel}","templated":true}]}}