{"id":19,"date":"2016-08-14T20:03:40","date_gmt":"2016-08-14T17:03:40","guid":{"rendered":"http:\/\/dockermachine:8084\/?page_id=19"},"modified":"2023-06-25T11:41:54","modified_gmt":"2023-06-25T08:41:54","slug":"referanslar","status":"publish","type":"page","link":"https:\/\/polatinsaatmuhendislik.com\/en\/referanslar\/","title":{"rendered":"References"},"content":{"rendered":"<table  class=\"table table-hover\" border=\"1\" width=\"536\">\n<tbody>\n<tr>\n<td width=\"362\"><strong>COMPANY &amp; INSTITUTION<\/strong><\/td>\n<td width=\"174\"><strong>LOCATION<\/strong><\/td>\n<\/tr>\n<tr>\n<td>DLH 4.B\u00d6LGE M\u00dcD\u00dcRL\u00dc\u011e\u00dc<\/td>\n<td>HAYDARPA\u015eA \/ \u0130STANBUL<\/td>\n<\/tr>\n<tr>\n<td>KARAYOLLARI 1.B\u00d6LGE M\u00dcD.<\/td>\n<td>K.YALI \/ \u0130STANBUL<\/td>\n<\/tr>\n<tr>\n<td>K\u00d6Y H\u0130Z. 18. B\u00d6L. M\u00dcD.<\/td>\n<td>KARTAL \/ \u0130STANBUL<\/td>\n<\/tr>\n<tr>\n<td>\u0130L \u00d6ZEL \u0130DARE M\u00dcD.<\/td>\n<td>KARTAL \/ \u0130STANBUL<\/td>\n<\/tr>\n<tr>\n<td>\u0130SK\u0130 GENEL M\u00dcD.<\/td>\n<td>AKSARAY \/ \u0130STANBUL<\/td>\n<\/tr>\n<tr>\n<td>BAYINDIRLIK \u0130SK\u00c2N MUD.<\/td>\n<td>BALMUMCU \/ \u0130STANBUL<\/td>\n<\/tr>\n<tr>\n<td>ORMAN \u0130\u015eLER\u0130 B\u00d6L. MUD.<\/td>\n<td>SARIYER \/ \u0130STAN BUL<\/td>\n<\/tr>\n<tr>\n<td>SAH\u0130L VE HUDUTLAR G. M\u00dcD.<\/td>\n<td>KARAK\u00d6Y \/ \u0130STANBUL<\/td>\n<\/tr>\n<tr>\n<td>TEKEL GENEL M\u00dcD.<\/td>\n<td>C\u0130BAL\u0130 \/ \u0130STANBUL<\/td>\n<\/tr>\n<tr>\n<td>LEVAZIM OKULU KOMUTANLI\u011eI<\/td>\n<td>HALICIOLU \/ \u0130STANBUL<\/td>\n<\/tr>\n<tr>\n<td>1.ORDU KOMUTANLI\u011eI<\/td>\n<td>SEL\u0130M\u0130YE \/ \u0130STANBUL<\/td>\n<\/tr>\n<tr>\n<td>TEDA\u015e M\u00dcH. M\u00dcD.<\/td>\n<td>\u00dcMRAN\u0130YE \/ \u0130STANBUL<\/td>\n<\/tr>\n<tr>\n<td>KURTULU\u015e L\u0130SES\u0130 MUD.<\/td>\n<td>KURTULU\u015e \/ \u0130STANBUL<\/td>\n<\/tr>\n<tr>\n<td>\u0130ST T\u0130CARET BORSASI<\/td>\n<td>EM\u0130N\u00d6N\u00dc \/ \u0130STANBUL<\/td>\n<\/tr>\n<tr>\n<td>EM\u0130N\u00d6N\u00dc BELED\u0130YE BA\u015e.<\/td>\n<td>EM\u0130N\u00d6N\u00dc \/ \u0130STANBUL<\/td>\n<\/tr>\n<tr>\n<td>B.\u00c7EKM ECE BELED\u0130YE BA\u015e.<\/td>\n<td>B.\u00c7EKMECE \/ \u0130STANBUL<\/td>\n<\/tr>\n<tr>\n<td>KUMCULAR AMBARLI L\u0130MAN TES. GEMPORT<\/td>\n<td>AMBARLI \/ \u0130STANBUL<\/td>\n<\/tr>\n<tr>\n<td>L\u0130MAN \u0130\u015eLETMES\u0130<\/td>\n<td>GEML\u0130K \/ BURSA<\/td>\n<\/tr>\n<tr>\n<td>KAPTAN L\u0130MAN TES\u0130SLER\u0130<\/td>\n<td>M.EREL\u0130 \/ TEK\u0130RDA\u011e<\/td>\n<\/tr>\n<tr>\n<td>YILDIRIM TERSHANES\u0130<\/td>\n<td>TUZLA \/ \u0130STANBUL<\/td>\n<\/tr>\n<tr>\n<td>CEKSAN TERSHANES\u0130<\/td>\n<td>TUZLA \/ \u0130STANBUL<\/td>\n<\/tr>\n<tr>\n<td>T\u00dcRKTER TERSHANES\u0130<\/td>\n<td>TUZLA \/ ISTANBUL<\/td>\n<\/tr>\n<tr>\n<td>GEMAK TUZLA TERSHANES\u0130<\/td>\n<td>TUZLA \/ \u0130STANBUL<\/td>\n<\/tr>\n<tr>\n<td>EVYAP L\u0130MAN TES\u0130SLER\u0130<\/td>\n<td>K\u0130RAZUYALI \/ \u0130STANBUL<\/td>\n<\/tr>\n<tr>\n<td>TORP\u0130L \u0130N\u015e. SAN. A.\u015e<\/td>\n<td>TUZLA \/ \u0130STANBUL<\/td>\n<\/tr>\n<tr>\n<td>TRANSPOR LTD.\u015eT\u0130<\/td>\n<td>HASAN PA\u015eA \/ \u0130STANBUL<\/td>\n<\/tr>\n<tr>\n<td>BES TEKST\u0130L SAN. VE T\u0130C. LTD. \u015eT\u0130.<\/td>\n<td>\u015e\u0130R\u0130NEVLER \/ \u0130STANBUL<\/td>\n<\/tr>\n<tr>\n<td>OFLAS \u015e\u0130RKETLER GRUBU<\/td>\n<td>KADIK\u00d6Y \/ \u0130STANBUL<\/td>\n<\/tr>\n<tr>\n<td>\u0130ZZET AYDODU<\/td>\n<td>KADIK\u00d6Y \/ \u0130STANBUL<\/td>\n<\/tr>\n<tr>\n<td>NAF\u0130Z G\u00dcRB\u00dcZ<\/td>\n<td>KADIK\u00d6Y \/ \u0130STANBUL<\/td>\n<\/tr>\n<tr>\n<td>R\u00dc\u015eT\u00dc \u00d6ZKANCA<\/td>\n<td>KADIK\u00d6Y \/ \u0130STANBUL<\/td>\n<\/tr>\n<tr>\n<td>MEHMET BEKTA\u015e<\/td>\n<td>KADIK\u00d6Y \/ STAN BUL<\/td>\n<\/tr>\n<tr>\n<td>ERKOTA\u015e \u0130N\u015e. T\u0130C. LTD. \u015eT\u0130.<\/td>\n<td>BAKIRK\u00d6Y \/ \u0130STANBUL<\/td>\n<\/tr>\n<tr>\n<td>EMTUR DEN\u0130ZC\u0130L\u0130K<\/td>\n<td>EM\u0130N\u00d6N\u00dc \/ \u0130STANBUL<\/td>\n<\/tr>\n<tr>\n<td>GAMA \u2013 NUROL<\/td>\n<td>\u00dcSK\u00dcDAR \/ \u0130STANBUL<\/td>\n<\/tr>\n<tr>\n<td>TA\u0130SE\u0130 ORTAK G\u0130R\u0130\u015e\u0130M\u0130<\/td>\n<td>\u00dcSK\u00dcDAR \/ \u0130STANBUL<\/td>\n<\/tr>\n<tr>\n<td>DEN.\u0130\u015eL BODRUM VAPUR \u0130SKELES\u0130<\/td>\n<td>BODRUM \/ MU\u011eLA<\/td>\n<\/tr>\n<tr>\n<td>KARAM\u00dcRSEL BALI\u00c7I BARINA\u011eI<\/td>\n<td width=\"174\">KARAM\u00dcRSEL \/ KOCAEL\u0130<br \/>\n(KARAM\u00dcRSEL BELED\u0130YES\u0130)<\/td>\n<\/tr>\n<tr>\n<td>MARMARAY ARKEOLOJ\u0130K KAZILARI<\/td>\n<td>ULA\u015eTIRMA BAKANLI\u011eI<\/td>\n<\/tr>\n<tr>\n<td>\u0130T\u00dc DEN\u0130ZC\u0130L\u0130K FAK\u00dcLTES\u0130 \u0130SKELES\u0130<\/td>\n<td>\u0130T\u00dc (MASLAK) \u0130STANBUL<\/td>\n<\/tr>\n<\/tbody>\n<\/table>","protected":false},"excerpt":{"rendered":"<p>F\u0130RMA ADI ADRES DLH 4.B\u00d6LGE M\u00dcD\u00dcRL\u00dc\u011e\u00dc HAYDARPA\u015eA \/ \u0130STANBUL KARAYOLLARI 1.B\u00d6LGE M\u00dcD. K.YALI \/ \u0130STANBUL K\u00d6Y H\u0130Z. 18. B\u00d6L. M\u00dcD. KARTAL \/ \u0130STANBUL \u0130L \u00d6ZEL \u0130DARE M\u00dcD. KARTAL \/ \u0130STANBUL \u0130SK\u0130 GENEL M\u00dcD. AKSARAY \/ \u0130STANBUL BAYINDIRLIK \u0130SK\u00c2N MUD. BALMUMCU \/ \u0130STANBUL ORMAN \u0130\u015eLER\u0130 B\u00d6L. MUD. SARIYER \/ \u0130STAN BUL SAH\u0130L VE HUDUTLAR G. M\u00dcD. [&hellip;]<\/p>\n","protected":false},"author":1,"featured_media":779,"parent":0,"menu_order":0,"comment_status":"closed","ping_status":"closed","template":"","meta":{"_acf_changed":false,"inline_featured_image":false,"_monsterinsights_skip_tracking":false,"_monsterinsights_sitenote_active":false,"_monsterinsights_sitenote_note":"","_monsterinsights_sitenote_category":0,"footnotes":""},"class_list":["post-19","page","type-page","status-publish","has-post-thumbnail","hentry"],"acf":[],"yoast_head":"<!-- This site is optimized with the Yoast SEO plugin v27.4 - https:\/\/yoast.com\/product\/yoast-seo-wordpress\/ -->\n<title>Referanslar - Polat \u0130n\u015faat M\u00fchendislik<\/title>\n<meta name=\"robots\" content=\"index, follow, max-snippet:-1, max-image-preview:large, max-video-preview:-1\" \/>\n<link rel=\"canonical\" href=\"https:\/\/polatinsaatmuhendislik.com\/en\/referanslar\/\" \/>\n<meta property=\"og:locale\" content=\"en_US\" \/>\n<meta property=\"og:type\" content=\"article\" \/>\n<meta property=\"og:title\" content=\"Referanslar - Polat \u0130n\u015faat M\u00fchendislik\" \/>\n<meta property=\"og:description\" content=\"F\u0130RMA ADI ADRES DLH 4.B\u00d6LGE M\u00dcD\u00dcRL\u00dc\u011e\u00dc HAYDARPA\u015eA \/ \u0130STANBUL KARAYOLLARI 1.B\u00d6LGE M\u00dcD. K.YALI \/ \u0130STANBUL K\u00d6Y H\u0130Z. 18. B\u00d6L. M\u00dcD. KARTAL \/ \u0130STANBUL \u0130L \u00d6ZEL \u0130DARE M\u00dcD. KARTAL \/ \u0130STANBUL \u0130SK\u0130 GENEL M\u00dcD. AKSARAY \/ \u0130STANBUL BAYINDIRLIK \u0130SK\u00c2N MUD. BALMUMCU \/ \u0130STANBUL ORMAN \u0130\u015eLER\u0130 B\u00d6L. MUD. SARIYER \/ \u0130STAN BUL SAH\u0130L VE HUDUTLAR G. M\u00dcD. [&hellip;]\" \/>\n<meta property=\"og:url\" content=\"https:\/\/polatinsaatmuhendislik.com\/en\/referanslar\/\" \/>\n<meta property=\"og:site_name\" content=\"Polat \u0130n\u015faat M\u00fchendislik\" \/>\n<meta property=\"article:modified_time\" content=\"2023-06-25T08:41:54+00:00\" \/>\n<meta property=\"og:image\" content=\"https:\/\/polatinsaatmuhendislik.com\/wp-content\/uploads\/2023\/06\/references.webp\" \/>\n\t<meta property=\"og:image:width\" content=\"1152\" \/>\n\t<meta property=\"og:image:height\" content=\"648\" \/>\n\t<meta property=\"og:image:type\" content=\"image\/jpeg\" \/>\n<meta name=\"twitter:card\" content=\"summary_large_image\" \/>\n<meta name=\"twitter:label1\" content=\"Est. reading time\" \/>\n\t<meta name=\"twitter:data1\" content=\"2 minutes\" \/>\n<script type=\"application\/ld+json\" class=\"yoast-schema-graph\">{\"@context\":\"https:\\\/\\\/schema.org\",\"@graph\":[{\"@type\":\"WebPage\",\"@id\":\"https:\\\/\\\/polatinsaatmuhendislik.com\\\/referanslar\\\/\",\"url\":\"https:\\\/\\\/polatinsaatmuhendislik.com\\\/referanslar\\\/\",\"name\":\"Referanslar - Polat \u0130n\u015faat M\u00fchendislik\",\"isPartOf\":{\"@id\":\"https:\\\/\\\/polatinsaatmuhendislik.com\\\/#website\"},\"primaryImageOfPage\":{\"@id\":\"https:\\\/\\\/polatinsaatmuhendislik.com\\\/referanslar\\\/#primaryimage\"},\"image\":{\"@id\":\"https:\\\/\\\/polatinsaatmuhendislik.com\\\/referanslar\\\/#primaryimage\"},\"thumbnailUrl\":\"https:\\\/\\\/polatinsaatmuhendislik.com\\\/wp-content\\\/uploads\\\/2023\\\/06\\\/references.webp\",\"datePublished\":\"2016-08-14T17:03:40+00:00\",\"dateModified\":\"2023-06-25T08:41:54+00:00\",\"breadcrumb\":{\"@id\":\"https:\\\/\\\/polatinsaatmuhendislik.com\\\/referanslar\\\/#breadcrumb\"},\"inLanguage\":\"en-US\",\"potentialAction\":[{\"@type\":\"ReadAction\",\"target\":[\"https:\\\/\\\/polatinsaatmuhendislik.com\\\/referanslar\\\/\"]}]},{\"@type\":\"ImageObject\",\"inLanguage\":\"en-US\",\"@id\":\"https:\\\/\\\/polatinsaatmuhendislik.com\\\/referanslar\\\/#primaryimage\",\"url\":\"https:\\\/\\\/polatinsaatmuhendislik.com\\\/wp-content\\\/uploads\\\/2023\\\/06\\\/references.webp\",\"contentUrl\":\"https:\\\/\\\/polatinsaatmuhendislik.com\\\/wp-content\\\/uploads\\\/2023\\\/06\\\/references.webp\",\"width\":1152,\"height\":648},{\"@type\":\"BreadcrumbList\",\"@id\":\"https:\\\/\\\/polatinsaatmuhendislik.com\\\/referanslar\\\/#breadcrumb\",\"itemListElement\":[{\"@type\":\"ListItem\",\"position\":1,\"name\":\"Anasayfa\",\"item\":\"https:\\\/\\\/polatinsaatmuhendislik.com\\\/\"},{\"@type\":\"ListItem\",\"position\":2,\"name\":\"Referanslar\"}]},{\"@type\":\"WebSite\",\"@id\":\"https:\\\/\\\/polatinsaatmuhendislik.com\\\/#website\",\"url\":\"https:\\\/\\\/polatinsaatmuhendislik.com\\\/\",\"name\":\"Polat \u0130n\u015faat M\u00fchendislik\",\"description\":\"Vizyonunuzu Ger\u00e7e\u011fe D\u00f6n\u00fc\u015ft\u00fcr\u00fcyoruz\",\"publisher\":{\"@id\":\"https:\\\/\\\/polatinsaatmuhendislik.com\\\/#organization\"},\"potentialAction\":[{\"@type\":\"SearchAction\",\"target\":{\"@type\":\"EntryPoint\",\"urlTemplate\":\"https:\\\/\\\/polatinsaatmuhendislik.com\\\/?s={search_term_string}\"},\"query-input\":{\"@type\":\"PropertyValueSpecification\",\"valueRequired\":true,\"valueName\":\"search_term_string\"}}],\"inLanguage\":\"en-US\"},{\"@type\":\"Organization\",\"@id\":\"https:\\\/\\\/polatinsaatmuhendislik.com\\\/#organization\",\"name\":\"Polat \u0130n\u015faat Savunma M\u00fchendislik\",\"url\":\"https:\\\/\\\/polatinsaatmuhendislik.com\\\/\",\"logo\":{\"@type\":\"ImageObject\",\"inLanguage\":\"en-US\",\"@id\":\"https:\\\/\\\/polatinsaatmuhendislik.com\\\/#\\\/schema\\\/logo\\\/image\\\/\",\"url\":\"https:\\\/\\\/polatinsaatmuhendislik.com\\\/wp-content\\\/uploads\\\/2022\\\/11\\\/logo.jpg\",\"contentUrl\":\"https:\\\/\\\/polatinsaatmuhendislik.com\\\/wp-content\\\/uploads\\\/2022\\\/11\\\/logo.jpg\",\"width\":250,\"height\":135,\"caption\":\"Polat \u0130n\u015faat Savunma M\u00fchendislik\"},\"image\":{\"@id\":\"https:\\\/\\\/polatinsaatmuhendislik.com\\\/#\\\/schema\\\/logo\\\/image\\\/\"}}]}<\/script>\n<!-- \/ Yoast SEO plugin. -->","yoast_head_json":{"title":"Referanslar - Polat \u0130n\u015faat M\u00fchendislik","robots":{"index":"index","follow":"follow","max-snippet":"max-snippet:-1","max-image-preview":"max-image-preview:large","max-video-preview":"max-video-preview:-1"},"canonical":"https:\/\/polatinsaatmuhendislik.com\/en\/referanslar\/","og_locale":"en_US","og_type":"article","og_title":"Referanslar - Polat \u0130n\u015faat M\u00fchendislik","og_description":"F\u0130RMA ADI ADRES DLH 4.B\u00d6LGE M\u00dcD\u00dcRL\u00dc\u011e\u00dc HAYDARPA\u015eA \/ \u0130STANBUL KARAYOLLARI 1.B\u00d6LGE M\u00dcD. K.YALI \/ \u0130STANBUL K\u00d6Y H\u0130Z. 18. B\u00d6L. M\u00dcD. KARTAL \/ \u0130STANBUL \u0130L \u00d6ZEL \u0130DARE M\u00dcD. KARTAL \/ \u0130STANBUL \u0130SK\u0130 GENEL M\u00dcD. AKSARAY \/ \u0130STANBUL BAYINDIRLIK \u0130SK\u00c2N MUD. BALMUMCU \/ \u0130STANBUL ORMAN \u0130\u015eLER\u0130 B\u00d6L. MUD. SARIYER \/ \u0130STAN BUL SAH\u0130L VE HUDUTLAR G. M\u00dcD. [&hellip;]","og_url":"https:\/\/polatinsaatmuhendislik.com\/en\/referanslar\/","og_site_name":"Polat \u0130n\u015faat M\u00fchendislik","article_modified_time":"2023-06-25T08:41:54+00:00","og_image":[{"width":1152,"height":648,"url":"https:\/\/polatinsaatmuhendislik.com\/wp-content\/uploads\/2023\/06\/references.webp","type":"image\/jpeg"}],"twitter_card":"summary_large_image","twitter_misc":{"Est. reading time":"2 minutes"},"schema":{"@context":"https:\/\/schema.org","@graph":[{"@type":"WebPage","@id":"https:\/\/polatinsaatmuhendislik.com\/referanslar\/","url":"https:\/\/polatinsaatmuhendislik.com\/referanslar\/","name":"Referanslar - Polat \u0130n\u015faat M\u00fchendislik","isPartOf":{"@id":"https:\/\/polatinsaatmuhendislik.com\/#website"},"primaryImageOfPage":{"@id":"https:\/\/polatinsaatmuhendislik.com\/referanslar\/#primaryimage"},"image":{"@id":"https:\/\/polatinsaatmuhendislik.com\/referanslar\/#primaryimage"},"thumbnailUrl":"https:\/\/polatinsaatmuhendislik.com\/wp-content\/uploads\/2023\/06\/references.webp","datePublished":"2016-08-14T17:03:40+00:00","dateModified":"2023-06-25T08:41:54+00:00","breadcrumb":{"@id":"https:\/\/polatinsaatmuhendislik.com\/referanslar\/#breadcrumb"},"inLanguage":"en-US","potentialAction":[{"@type":"ReadAction","target":["https:\/\/polatinsaatmuhendislik.com\/referanslar\/"]}]},{"@type":"ImageObject","inLanguage":"en-US","@id":"https:\/\/polatinsaatmuhendislik.com\/referanslar\/#primaryimage","url":"https:\/\/polatinsaatmuhendislik.com\/wp-content\/uploads\/2023\/06\/references.webp","contentUrl":"https:\/\/polatinsaatmuhendislik.com\/wp-content\/uploads\/2023\/06\/references.webp","width":1152,"height":648},{"@type":"BreadcrumbList","@id":"https:\/\/polatinsaatmuhendislik.com\/referanslar\/#breadcrumb","itemListElement":[{"@type":"ListItem","position":1,"name":"Anasayfa","item":"https:\/\/polatinsaatmuhendislik.com\/"},{"@type":"ListItem","position":2,"name":"Referanslar"}]},{"@type":"WebSite","@id":"https:\/\/polatinsaatmuhendislik.com\/#website","url":"https:\/\/polatinsaatmuhendislik.com\/","name":"Polat \u0130n\u015faat M\u00fchendislik","description":"Vizyonunuzu Ger\u00e7e\u011fe D\u00f6n\u00fc\u015ft\u00fcr\u00fcyoruz","publisher":{"@id":"https:\/\/polatinsaatmuhendislik.com\/#organization"},"potentialAction":[{"@type":"SearchAction","target":{"@type":"EntryPoint","urlTemplate":"https:\/\/polatinsaatmuhendislik.com\/?s={search_term_string}"},"query-input":{"@type":"PropertyValueSpecification","valueRequired":true,"valueName":"search_term_string"}}],"inLanguage":"en-US"},{"@type":"Organization","@id":"https:\/\/polatinsaatmuhendislik.com\/#organization","name":"Polat \u0130n\u015faat Savunma M\u00fchendislik","url":"https:\/\/polatinsaatmuhendislik.com\/","logo":{"@type":"ImageObject","inLanguage":"en-US","@id":"https:\/\/polatinsaatmuhendislik.com\/#\/schema\/logo\/image\/","url":"https:\/\/polatinsaatmuhendislik.com\/wp-content\/uploads\/2022\/11\/logo.jpg","contentUrl":"https:\/\/polatinsaatmuhendislik.com\/wp-content\/uploads\/2022\/11\/logo.jpg","width":250,"height":135,"caption":"Polat \u0130n\u015faat Savunma M\u00fchendislik"},"image":{"@id":"https:\/\/polatinsaatmuhendislik.com\/#\/schema\/logo\/image\/"}}]}},"_links":{"self":[{"href":"https:\/\/polatinsaatmuhendislik.com\/en\/wp-json\/wp\/v2\/pages\/19","targetHints":{"allow":["GET"]}}],"collection":[{"href":"https:\/\/polatinsaatmuhendislik.com\/en\/wp-json\/wp\/v2\/pages"}],"about":[{"href":"https:\/\/polatinsaatmuhendislik.com\/en\/wp-json\/wp\/v2\/types\/page"}],"author":[{"embeddable":true,"href":"https:\/\/polatinsaatmuhendislik.com\/en\/wp-json\/wp\/v2\/users\/1"}],"replies":[{"embeddable":true,"href":"https:\/\/polatinsaatmuhendislik.com\/en\/wp-json\/wp\/v2\/comments?post=19"}],"version-history":[{"count":2,"href":"https:\/\/polatinsaatmuhendislik.com\/en\/wp-json\/wp\/v2\/pages\/19\/revisions"}],"predecessor-version":[{"id":45,"href":"https:\/\/polatinsaatmuhendislik.com\/en\/wp-json\/wp\/v2\/pages\/19\/revisions\/45"}],"wp:featuredmedia":[{"embeddable":true,"href":"https:\/\/polatinsaatmuhendislik.com\/en\/wp-json\/wp\/v2\/media\/779"}],"wp:attachment":[{"href":"https:\/\/polatinsaatmuhendislik.com\/en\/wp-json\/wp\/v2\/media?parent=19"}],"curies":[{"name":"wp","href":"https:\/\/api.w.org\/{rel}","templated":true}]}}